{"id":100,"date":"2014-06-29T02:28:07","date_gmt":"2014-06-29T02:28:07","guid":{"rendered":"http:\/\/107.170.191.119\/?page_id=100"},"modified":"2021-12-03T18:24:47","modified_gmt":"2021-12-03T18:24:47","slug":"comandos-linux","status":"publish","type":"page","link":"https:\/\/arripio.com.br\/?page_id=100","title":{"rendered":"Linux"},"content":{"rendered":"<p>Como boa pratica na ger\u00eancia de configura\u00e7\u00e3o para uma r\u00e1pida \u00a0leitura dos arquivos de configura\u00e7\u00e3o e \u00fatil retirar os coment\u00e1rios para facilitar a analise e organiza\u00e7\u00e3o.<\/p>\n<p>Comando:<\/p>\n<p><b style=\"color: #000000;\"> # egrep -v &#8220;^#|^$&#8221;\u00a0arquivo_de_origem\u00a0&gt; arquivo_de_destino<\/b><\/p>\n\n\n<h2>Minha Distribui\u00e7\u00e3o<\/h2>\n\n\n\n<p>Atualmente nas minhas maquinas pessoais eu uso Debian, nos servidores estava utilizado Centos, mas com os \u00faltimos acontecimento devo migrar para alguma variante do Debian.<\/p>\n\n\n\n<figure class=\"wp-block-image is-resized\"><img data-attachment-id=\"686\" data-permalink=\"https:\/\/arripio.com.br\/?attachment_id=686\" data-orig-file=\"https:\/\/i2.wp.com\/arripio.com.br\/wp-content\/uploads\/2021\/03\/Openlogo-debianV2.svg_.png?fit=1200%2C1486&amp;ssl=1\" data-orig-size=\"1200,1486\" data-comments-opened=\"1\" data-image-meta=\"{&quot;aperture&quot;:&quot;0&quot;,&quot;credit&quot;:&quot;&quot;,&quot;camera&quot;:&quot;&quot;,&quot;caption&quot;:&quot;&quot;,&quot;created_timestamp&quot;:&quot;0&quot;,&quot;copyright&quot;:&quot;&quot;,&quot;focal_length&quot;:&quot;0&quot;,&quot;iso&quot;:&quot;0&quot;,&quot;shutter_speed&quot;:&quot;0&quot;,&quot;title&quot;:&quot;&quot;,&quot;orientation&quot;:&quot;0&quot;}\" data-image-title=\"Openlogo-debianV2.svg\" data-image-description=\"\" data-medium-file=\"https:\/\/i2.wp.com\/arripio.com.br\/wp-content\/uploads\/2021\/03\/Openlogo-debianV2.svg_.png?fit=517%2C640&amp;ssl=1\" data-large-file=\"https:\/\/i2.wp.com\/arripio.com.br\/wp-content\/uploads\/2021\/03\/Openlogo-debianV2.svg_.png?fit=827%2C1024&amp;ssl=1\" loading=\"lazy\" src=\"https:\/\/i2.wp.com\/arripio.com.br\/wp-content\/uploads\/2021\/03\/Openlogo-debianV2.svg_.png?resize=135%2C167&#038;ssl=1\" alt=\"\" class=\"wp-image-686\" width=\"135\" height=\"167\" srcset=\"https:\/\/i2.wp.com\/arripio.com.br\/wp-content\/uploads\/2021\/03\/Openlogo-debianV2.svg_.png?w=1200&amp;ssl=1 1200w, https:\/\/i2.wp.com\/arripio.com.br\/wp-content\/uploads\/2021\/03\/Openlogo-debianV2.svg_.png?resize=517%2C640&amp;ssl=1 517w, https:\/\/i2.wp.com\/arripio.com.br\/wp-content\/uploads\/2021\/03\/Openlogo-debianV2.svg_.png?resize=768%2C951&amp;ssl=1 768w, https:\/\/i2.wp.com\/arripio.com.br\/wp-content\/uploads\/2021\/03\/Openlogo-debianV2.svg_.png?resize=827%2C1024&amp;ssl=1 827w, https:\/\/i2.wp.com\/arripio.com.br\/wp-content\/uploads\/2021\/03\/Openlogo-debianV2.svg_.png?resize=485%2C600&amp;ssl=1 485w, https:\/\/i2.wp.com\/arripio.com.br\/wp-content\/uploads\/2021\/03\/Openlogo-debianV2.svg_.png?resize=129%2C160&amp;ssl=1 129w, https:\/\/i2.wp.com\/arripio.com.br\/wp-content\/uploads\/2021\/03\/Openlogo-debianV2.svg_.png?resize=1170%2C1449&amp;ssl=1 1170w\" sizes=\"(max-width: 135px) 100vw, 135px\" data-recalc-dims=\"1\" \/><\/figure>\n\n\n\n<h2>Comandos mais utilizados no meu dia a dia<\/h2>\n\n\n\n<p><\/p>\n\n\n\n<p>cp  -&gt; para copiar diret\u00f3rios e arquivos<br>pwd &#8211; &gt; saber em qual diret\u00f3rio vc est\u00e1<br>ssh  -&gt; comando para acessar servidores remotamente<br>scp -&gt; copiar arquivos e diret\u00f3rio para servidores remoto<br>mkdir -&gt; criar diret\u00f3rio<br>mv -&gt; renomeia diret\u00f3rio e arquivo<br>du -&gt; investigar quais os diret\u00f3rio e arquivos que mais ocupam espa\u00e7o no HD<br>chmod -&gt; manipula\u00e7\u00e3o de permiss\u00e3o<br>chown -&gt; manipula\u00e7\u00e3o do dono e grupo <br>vi -&gt; editar arquivos<br>ip -&gt; configura\u00e7\u00e3o de rede<br>tail -&gt; verificar log <br><\/p>\n\n\n\n<h1>Interface Gr\u00e1fica GNOME<br><\/h1>\n\n\n\n<div class=\"wp-block-image\"><figure class=\"aligncenter\"><img data-attachment-id=\"693\" data-permalink=\"https:\/\/arripio.com.br\/?attachment_id=693\" data-orig-file=\"https:\/\/i2.wp.com\/arripio.com.br\/wp-content\/uploads\/2021\/03\/gnome.png?fit=204%2C247&amp;ssl=1\" data-orig-size=\"204,247\" data-comments-opened=\"1\" data-image-meta=\"{&quot;aperture&quot;:&quot;0&quot;,&quot;credit&quot;:&quot;&quot;,&quot;camera&quot;:&quot;&quot;,&quot;caption&quot;:&quot;&quot;,&quot;created_timestamp&quot;:&quot;0&quot;,&quot;copyright&quot;:&quot;&quot;,&quot;focal_length&quot;:&quot;0&quot;,&quot;iso&quot;:&quot;0&quot;,&quot;shutter_speed&quot;:&quot;0&quot;,&quot;title&quot;:&quot;&quot;,&quot;orientation&quot;:&quot;0&quot;}\" data-image-title=\"gnome\" data-image-description=\"\" data-medium-file=\"https:\/\/i2.wp.com\/arripio.com.br\/wp-content\/uploads\/2021\/03\/gnome.png?fit=204%2C247&amp;ssl=1\" data-large-file=\"https:\/\/i2.wp.com\/arripio.com.br\/wp-content\/uploads\/2021\/03\/gnome.png?fit=204%2C247&amp;ssl=1\" loading=\"lazy\" width=\"204\" height=\"247\" src=\"https:\/\/i2.wp.com\/arripio.com.br\/wp-content\/uploads\/2021\/03\/gnome.png?resize=204%2C247&#038;ssl=1\" alt=\"\" class=\"wp-image-693\" srcset=\"https:\/\/i2.wp.com\/arripio.com.br\/wp-content\/uploads\/2021\/03\/gnome.png?w=204&amp;ssl=1 204w, https:\/\/i2.wp.com\/arripio.com.br\/wp-content\/uploads\/2021\/03\/gnome.png?resize=132%2C160&amp;ssl=1 132w\" sizes=\"(max-width: 204px) 100vw, 204px\" data-recalc-dims=\"1\" \/><figcaption><strong>GNOME <\/strong>(acr\u00f4nimo para <strong>G<\/strong>NU <strong>N<\/strong>etwork <strong>O<\/strong>bject <strong>M<\/strong>odel <strong>E<\/strong>nvironment) \u00e9 um projeto de software livre abrangendo o Ambiente de Trabalho GNOME, para os usu\u00e1rios,  O projeto d\u00e1 \u00eanfase especial a usabilidade, acessibilidade e internacionaliza\u00e7\u00e3o.<sup>[<\/sup><\/figcaption><\/figure><\/div>\n\n\n\n<pre class=\"wp-block-code\"><code> tr '\\n' ' ' &lt; entrada.txt > saida.txt<\/code><\/pre>\n\n\n\n<p><br><\/p>\n","protected":false},"excerpt":{"rendered":"<p>Como boa pratica na ger\u00eancia de configura\u00e7\u00e3o para uma r\u00e1pida \u00a0leitura dos arquivos de configura\u00e7\u00e3o e \u00fatil retirar os coment\u00e1rios para facilitar a analise e organiza\u00e7\u00e3o. Comando: # egrep -v &#8220;^#|^$&#8221;\u00a0arquivo_de_origem\u00a0&gt; arquivo_de_destino Minha Distribui\u00e7\u00e3o Atualmente nas minhas maquinas pessoais eu&hellip; <br \/><a class=\"read-more-button\" href=\"https:\/\/arripio.com.br\/?page_id=100\">Read more<\/a><\/p>\n","protected":false},"author":1,"featured_media":0,"parent":0,"menu_order":0,"comment_status":"open","ping_status":"open","template":"","meta":{"_exactmetrics_skip_tracking":false,"_exactmetrics_sitenote_active":false,"_exactmetrics_sitenote_note":"","_exactmetrics_sitenote_category":0,"spay_email":""},"jetpack_sharing_enabled":true,"jetpack_shortlink":"https:\/\/wp.me\/PazGcY-1C","jetpack-related-posts":[{"id":168,"url":"https:\/\/arripio.com.br\/?page_id=168","url_meta":{"origin":100,"position":0},"title":"Curr\u00edculo","date":"12 Maio, 2015","format":false,"excerpt":"EXPERI\u00caNCIA PROFISSIONAL 11\/07\/2011 at\u00e9 dias atuais - Central IT Governa\u00e7a Corporativa - Bras\u00edlia Cliente: ICMBio - Intituto Chico Mendes de Conserva\u00e7\u00e3o da Biodiversidade Analista de Suporte Sr Atribui\u00e7\u00f5es: - Instala\u00e7\u00e3o e configura\u00e7\u00e3o de Servidores f\u00edsicos e virtuais Linux e Windows; - Cria\u00e7\u00e3o do processo de atualiza\u00e7\u00e3o baseado no SVN; -\u2026","rel":"","context":"Similar post","img":{"alt_text":"","src":"","width":0,"height":0},"classes":[]},{"id":119,"url":"https:\/\/arripio.com.br\/?page_id=119","url_meta":{"origin":100,"position":1},"title":"Estudo","date":"27 Julho, 2014","format":false,"excerpt":"Ol\u00e1 Pessoal Agora dia 24 de Julho consegui \u00eaxito no exame Lpic-202 ultima prova para certifica\u00e7\u00e3o LPI2. Gostaria de deixar algumas dicas que quem sabe possa ajudar outras pessoas: Quando fiz o exame da lpi 1 havia estudado \u00a0apenas pelo livro Certifica\u00e7\u00e3o LPI-1: 101-102 Autor: Luciano Antonio Siqueira Editora: Alta\u2026","rel":"","context":"Similar post","img":{"alt_text":"cetificado","src":"https:\/\/i2.wp.com\/arripio.com.br\/wp-content\/uploads\/2014\/07\/cetificado-300x169.png?resize=350%2C200","width":350,"height":200},"classes":[]},{"id":130,"url":"https:\/\/arripio.com.br\/?page_id=130","url_meta":{"origin":100,"position":2},"title":"Puppet","date":"1 Agosto, 2014","format":false,"excerpt":"Construindo um m\u00f3dulo b\u00e1sico no puppet C\u00f3digo do m\u00f3dulo: class zabbix { yumrepo { 'zabbix': enabled => 1, descr => 'Zabbix Official Repository - $basearch', baseurl => 'http:\/\/repo.zabbix.com\/zabbix\/2.4\/rhel\/6\/$basearch\/', gpgcheck => 0, } package { \"zabbix-agent\": ensure => present, } file { \"\/etc\/zabbix\/zabbix_agentd.conf\": ensure => file, owner => \"root\", group =>\u2026","rel":"","context":"Similar post","img":{"alt_text":"","src":"","width":0,"height":0},"classes":[]},{"id":614,"url":"https:\/\/arripio.com.br\/?page_id=614","url_meta":{"origin":100,"position":3},"title":"F\u00e9rias Paraty Mirim Jan\/2019","date":"23 Abril, 2019","format":false,"excerpt":"Depois de v\u00e1rios convites para experimentar o Camping resolvemos aceitar o desafio de forma mais radical e para primeira vez resolvemos ir longe destino Paraty Mirim Rio de Janeiro. Acostumados a viajar para o nordeste brasileiro e sempre com a ideia de que as praias do sudeste eram de \u00e1guas\u2026","rel":"","context":"Similar post","img":{"alt_text":"","src":"https:\/\/i2.wp.com\/arripio.com.br\/wp-content\/uploads\/2019\/04\/top.png?resize=350%2C200&ssl=1","width":350,"height":200},"classes":[]},{"id":566,"url":"https:\/\/arripio.com.br\/?page_id=566","url_meta":{"origin":100,"position":4},"title":"F\u00e9rias Itaipu de Fora Jan\/2018","date":"7 Janeiro, 2018","format":false,"excerpt":"Hoje 07 de janeiro de 2018 come\u00e7a nossa viagem de f\u00e9rias e aqui postaremos todo trajeto, a ideia \u00e9 ajudar quem tiver interesse em fazer o mesmo passeio. Bem vindos Dia 08 de janeiro 2018 chegamos ao nosso destino Itaipu de Fora. Sa\u00edmos de Itabuna via Ilh\u00e9us depois seguimos rumo\u2026","rel":"","context":"Similar post","img":{"alt_text":"pixlr_20180107183241893","src":"https:\/\/i1.wp.com\/arripio.com.br\/wp-content\/uploads\/2018\/01\/pixlr_20180107183241893.jpg?resize=350%2C200","width":350,"height":200},"classes":[]},{"id":108,"url":"https:\/\/arripio.com.br\/?page_id=108","url_meta":{"origin":100,"position":5},"title":"Coaching","date":"17 Julho, 2014","format":false,"excerpt":"Planejamento \u00e9 fundamental para o seu sucesso Tente fazer o seu https:\/\/youtu.be\/wEOQ8eIGX7Y N\u00e3o deixe para o final do ano, \u00a0fa\u00e7a agora mesmo o seu planejamento anual ele ajudar\u00e1 \u00a0no direcionamento da sua vida pessoal ou profissional. Fonte:\u00a0https:\/\/www.youtube.com\/watch?v=wEOQ8eIGX7Y&list=FLLZrFnwpUDQbHqI8OfXGT5w&index=2 \u00a0 Frase do dia: Pior do que fazer pouco \u00e9 n\u00e3o fazer nada.\u2026","rel":"","context":"Similar post","img":{"alt_text":"","src":"https:\/\/i0.wp.com\/img.youtube.com\/vi\/wEOQ8eIGX7Y\/0.jpg?resize=350%2C200","width":350,"height":200},"classes":[]}],"_links":{"self":[{"href":"https:\/\/arripio.com.br\/index.php?rest_route=\/wp\/v2\/pages\/100"}],"collection":[{"href":"https:\/\/arripio.com.br\/index.php?rest_route=\/wp\/v2\/pages"}],"about":[{"href":"https:\/\/arripio.com.br\/index.php?rest_route=\/wp\/v2\/types\/page"}],"author":[{"embeddable":true,"href":"https:\/\/arripio.com.br\/index.php?rest_route=\/wp\/v2\/users\/1"}],"replies":[{"embeddable":true,"href":"https:\/\/arripio.com.br\/index.php?rest_route=%2Fwp%2Fv2%2Fcomments&post=100"}],"version-history":[{"count":6,"href":"https:\/\/arripio.com.br\/index.php?rest_route=\/wp\/v2\/pages\/100\/revisions"}],"predecessor-version":[{"id":754,"href":"https:\/\/arripio.com.br\/index.php?rest_route=\/wp\/v2\/pages\/100\/revisions\/754"}],"wp:attachment":[{"href":"https:\/\/arripio.com.br\/index.php?rest_route=%2Fwp%2Fv2%2Fmedia&parent=100"}],"curies":[{"name":"wp","href":"https:\/\/api.w.org\/{rel}","templated":true}]}}