{"id":119,"date":"2014-07-27T19:20:53","date_gmt":"2014-07-27T19:20:53","guid":{"rendered":"http:\/\/107.170.191.119\/?page_id=119"},"modified":"2015-06-12T14:34:24","modified_gmt":"2015-06-12T14:34:24","slug":"certificacao-linux-lpi-2","status":"publish","type":"page","link":"https:\/\/arripio.com.br\/?page_id=119","title":{"rendered":"Estudo"},"content":{"rendered":"<p>Ol\u00e1 Pessoal<\/p>\n<p>Agora dia 24 de Julho consegui \u00eaxito no exame Lpic-202 ultima prova para certifica\u00e7\u00e3o LPI2.<\/p>\n<p>Gostaria de deixar algumas dicas que quem sabe possa ajudar outras pessoas:<\/p>\n<p>Quando fiz o exame da lpi 1 havia estudado \u00a0apenas pelo livro<\/p>\n<p style=\"color: #000000;\">Certifica\u00e7\u00e3o LPI-1: 101-102<br \/>\nAutor: Luciano Antonio Siqueira<br \/>\nEditora: Alta Books<\/p>\n<p>&nbsp;<\/p>\n<p>Ent\u00e3o foi at\u00e9 tranquilo agora quando chegou na lpi 2 eu n\u00e3o achei o livro do mesmo autor suficiente ent\u00e3o estudei com as seguintes refer\u00eancias bibliogr\u00e1ficas:<\/p>\n<p>Certifica\u00e7\u00e3o LPI-2: 201-202<br \/>\nAutor: Luciano Antonio Siqueira<br \/>\nEditora: Alta Books<\/p>\n<p>CERTIFICA\u00c7AO LINUX LPI 2 &#8211; GUIA COMPLETO DE ESTUDO<br \/>\nAutor: STATO FILHO, ANDRE<br \/>\nEditora: VISUAL BOOKS<\/p>\n<p>V\u00eddeos no youtube:<\/p>\n<p>https:\/\/www.youtube.com\/user\/theurbanpenguin<\/p>\n<p>Sites:<\/p>\n<p>http:\/\/theurbanpenguin.com\/<\/p>\n<p>http:\/\/www.stato.blog.br\/wordpress\/simulados\/open\/lpi202\/index.html<\/p>\n<p>http:\/\/www.examcollection.com\/<\/p>\n<p>Laborat\u00f3rios:<\/p>\n<p>Maquina virtual VMware com Debian e Centos<\/p>\n<p>Raspberry pi para quem n\u00e3o conhece tem mais detalhes:\u00a0http:\/\/www.raspberrypi.org\/<\/p>\n<p>&nbsp;<\/p>\n<p>Ferramentas:<\/p>\n<p>Papel, caneta colorida, canetinha muito papel (j\u00e1 j\u00e1 explico pra que)<\/p>\n<p>Celular<\/p>\n<p>Tablet<\/p>\n<p>Vamos ent\u00e3o quais foram as t\u00e9cnicas usadas para chegar ao \u00eaxito:<\/p>\n<p>Leitura completa dos livros e todos exerc\u00edcios.<\/p>\n<p>Cria\u00e7\u00e3o de resumos com material escolar pregando em lugar que sempre posso consultar para fixar o conte\u00fado. (parece coisa de doido mas ajuda muito)<\/p>\n<p>Programas e simulados instalados tanto no celular quanto no tablet, ent\u00e3o sempre que tive um tempo livre fiz simulados( vale um observa\u00e7\u00e3o: sempre verificar os erros e acertos buscando o reproduzindo alguns erros em laborat\u00f3rio.)<\/p>\n<p>&nbsp;<\/p>\n<p>Espero ter ajudado de alguma forma caso tenha alguma d\u00favida que eu possa ajudar \u00e9 s\u00f3 entrar em contato.<\/p>\n<p>################################################################<\/p>\n<p>\u00c9 com grande satisfa\u00e7\u00e3o que dia 27 de Mar\u00e7o consegui sucesso na certifica\u00e7\u00e3o VPC-5<\/p>\n<p><a href=\"https:\/\/i1.wp.com\/arripio.com.br\/wp-content\/uploads\/2014\/07\/cetificado.png?ssl=1\"><img data-attachment-id=\"201\" data-permalink=\"https:\/\/arripio.com.br\/?attachment_id=201\" data-orig-file=\"https:\/\/i1.wp.com\/arripio.com.br\/wp-content\/uploads\/2014\/07\/cetificado.png?fit=400%2C225&amp;ssl=1\" data-orig-size=\"400,225\" data-comments-opened=\"1\" data-image-meta=\"{&quot;aperture&quot;:&quot;0&quot;,&quot;credit&quot;:&quot;&quot;,&quot;camera&quot;:&quot;&quot;,&quot;caption&quot;:&quot;&quot;,&quot;created_timestamp&quot;:&quot;0&quot;,&quot;copyright&quot;:&quot;&quot;,&quot;focal_length&quot;:&quot;0&quot;,&quot;iso&quot;:&quot;0&quot;,&quot;shutter_speed&quot;:&quot;0&quot;,&quot;title&quot;:&quot;&quot;,&quot;orientation&quot;:&quot;0&quot;}\" data-image-title=\"cetificado\" data-image-description=\"\" data-medium-file=\"https:\/\/i1.wp.com\/arripio.com.br\/wp-content\/uploads\/2014\/07\/cetificado.png?fit=300%2C169&amp;ssl=1\" data-large-file=\"https:\/\/i1.wp.com\/arripio.com.br\/wp-content\/uploads\/2014\/07\/cetificado.png?fit=400%2C225&amp;ssl=1\" loading=\"lazy\" class=\"alignnone  wp-image-201\" src=\"https:\/\/i1.wp.com\/arripio.com.br\/wp-content\/uploads\/2014\/07\/cetificado.png?resize=360%2C203&#038;ssl=1\" alt=\"cetificado\" width=\"360\" height=\"203\" srcset=\"https:\/\/i1.wp.com\/arripio.com.br\/wp-content\/uploads\/2014\/07\/cetificado.png?resize=300%2C169&amp;ssl=1 300w, https:\/\/i1.wp.com\/arripio.com.br\/wp-content\/uploads\/2014\/07\/cetificado.png?w=400&amp;ssl=1 400w\" sizes=\"(max-width: 360px) 100vw, 360px\" data-recalc-dims=\"1\" \/><\/a><\/p>\n<p>Alguns devem est\u00e1 se perguntando o que esse cara quer mostrando essa certifica\u00e7\u00e3o?<\/p>\n<p>Vamos l\u00e1, na verdade gostaria de deixar um relato de como eu cheguei a esse resultado. Eu fui contemplado com curso oficial que no primeiro momento fiquei muito feliz, mas quando come\u00e7ou o curso come\u00e7ou o desafio: primeiro o curso era todo em ingl\u00eas, segundo o curso s\u00f3 contemplava uma parte da prova de certifica\u00e7\u00e3o ent\u00e3o bateu o desespero, e para finalizar pouco uso da ferramente no dia a dia, mas n\u00e3o me deixei abater e comecei tra\u00e7ar o meu objetivo, como n\u00e3o tinha muito tempo livre comecei a estudar no hor\u00e1rio de almo\u00e7o, a noite e at\u00e9 mesmo nos finais de semana. Usei a t\u00e9cnica de resumo e mapas mentais e simulados e com isso consegui \u00eaxodo na prova.<\/p>\n<p>Ent\u00e3o o recado que deixo \u00e9: \u00a0N\u00e3o podemos ns abalar diante dos desafios da \u00a0vida temos que respirar e procurar enfrent\u00e1-lo da melhor forma poss\u00edvel.<\/p>\n<p>Um grande abra\u00e7o a todos at\u00e9 a pr\u00f3xima.<\/p>\n<p>################################################################<\/p>\n<p>&nbsp;<\/p>\n<p>De acordo com a Teoria 10 \u2013 20 \u2013 70, 10% do que voc\u00ea aprende est\u00e1 relacionado \u00e0 teoria pura. 20% est\u00e1 relacionado com aquilo que voc\u00ea compartilha com os outros (o famoso aprender ensinando, motivo pelo qual as redes sociais podem ser importantes para seus estudos). Os outros 70% est\u00e3o relacionados com a pr\u00e1tica.<\/p>\n<p><a href=\"https:\/\/i2.wp.com\/arripio.com.br\/wp-content\/uploads\/2014\/07\/teoria-10-20-70-1.jpg?ssl=1\"><img data-attachment-id=\"206\" data-permalink=\"https:\/\/arripio.com.br\/?attachment_id=206\" data-orig-file=\"https:\/\/i2.wp.com\/arripio.com.br\/wp-content\/uploads\/2014\/07\/teoria-10-20-70-1.jpg?fit=842%2C525&amp;ssl=1\" data-orig-size=\"842,525\" data-comments-opened=\"1\" data-image-meta=\"{&quot;aperture&quot;:&quot;0&quot;,&quot;credit&quot;:&quot;&quot;,&quot;camera&quot;:&quot;&quot;,&quot;caption&quot;:&quot;&quot;,&quot;created_timestamp&quot;:&quot;0&quot;,&quot;copyright&quot;:&quot;&quot;,&quot;focal_length&quot;:&quot;0&quot;,&quot;iso&quot;:&quot;0&quot;,&quot;shutter_speed&quot;:&quot;0&quot;,&quot;title&quot;:&quot;&quot;,&quot;orientation&quot;:&quot;0&quot;}\" data-image-title=\"teoria-10-20-70 (1)\" data-image-description=\"\" data-medium-file=\"https:\/\/i2.wp.com\/arripio.com.br\/wp-content\/uploads\/2014\/07\/teoria-10-20-70-1.jpg?fit=300%2C187&amp;ssl=1\" data-large-file=\"https:\/\/i2.wp.com\/arripio.com.br\/wp-content\/uploads\/2014\/07\/teoria-10-20-70-1.jpg?fit=840%2C524&amp;ssl=1\" loading=\"lazy\" class=\"alignnone wp-image-206\" src=\"https:\/\/i2.wp.com\/arripio.com.br\/wp-content\/uploads\/2014\/07\/teoria-10-20-70-1.jpg?resize=360%2C224&#038;ssl=1\" alt=\"teoria-10-20-70 (1)\" width=\"360\" height=\"224\" srcset=\"https:\/\/i2.wp.com\/arripio.com.br\/wp-content\/uploads\/2014\/07\/teoria-10-20-70-1.jpg?resize=300%2C187&amp;ssl=1 300w, https:\/\/i2.wp.com\/arripio.com.br\/wp-content\/uploads\/2014\/07\/teoria-10-20-70-1.jpg?w=842&amp;ssl=1 842w\" sizes=\"(max-width: 360px) 100vw, 360px\" data-recalc-dims=\"1\" \/><\/a><\/p>\n<h6>\u00a0fonte:\u00a0http:\/\/esquemaria.com.br\/organizacao-estudos\/?utm_source=Esquemaria&amp;utm_campaign=d9fd288e75-Comum-Dicas-de-como-se-organizar-28-5-2015&amp;utm_medium=email&amp;utm_term=0_e7b7717688-d9fd288e75-30479789&amp;goal=0_e7b7717688-d9fd288e75-30479789<\/h6>\n<p>################################################################<\/p>\n<p>Pra ajudar a voc\u00ea clarear um pouco o horizonte, a regra 10-20-30 vem a calhar.<\/p>\n<p>A regra foi criada por um g\u00eanio em apresenta\u00e7\u00f5es, Guy Kawasaki. J\u00e1 mostrei um v\u00eddeo de uma palestra dele em outro artigo.<\/p>\n<p><strong>A regra 10-20-30 pode ser a salva\u00e7\u00e3o da praga que assola as apresenta\u00e7\u00f5es.<\/strong><\/p>\n<p><a href=\"https:\/\/i1.wp.com\/arripio.com.br\/wp-content\/uploads\/2014\/07\/10-20-30.jpg?ssl=1\"><img data-attachment-id=\"213\" data-permalink=\"https:\/\/arripio.com.br\/?attachment_id=213\" data-orig-file=\"https:\/\/i1.wp.com\/arripio.com.br\/wp-content\/uploads\/2014\/07\/10-20-30.jpg?fit=414%2C176&amp;ssl=1\" data-orig-size=\"414,176\" data-comments-opened=\"1\" data-image-meta=\"{&quot;aperture&quot;:&quot;0&quot;,&quot;credit&quot;:&quot;&quot;,&quot;camera&quot;:&quot;&quot;,&quot;caption&quot;:&quot;&quot;,&quot;created_timestamp&quot;:&quot;0&quot;,&quot;copyright&quot;:&quot;&quot;,&quot;focal_length&quot;:&quot;0&quot;,&quot;iso&quot;:&quot;0&quot;,&quot;shutter_speed&quot;:&quot;0&quot;,&quot;title&quot;:&quot;&quot;,&quot;orientation&quot;:&quot;1&quot;}\" data-image-title=\"10-20-30\" data-image-description=\"\" data-medium-file=\"https:\/\/i1.wp.com\/arripio.com.br\/wp-content\/uploads\/2014\/07\/10-20-30.jpg?fit=300%2C128&amp;ssl=1\" data-large-file=\"https:\/\/i1.wp.com\/arripio.com.br\/wp-content\/uploads\/2014\/07\/10-20-30.jpg?fit=414%2C176&amp;ssl=1\" loading=\"lazy\" class=\"alignnone wp-image-213\" src=\"https:\/\/i1.wp.com\/arripio.com.br\/wp-content\/uploads\/2014\/07\/10-20-30.jpg?resize=360%2C153&#038;ssl=1\" alt=\"10-20-30\" width=\"360\" height=\"153\" srcset=\"https:\/\/i1.wp.com\/arripio.com.br\/wp-content\/uploads\/2014\/07\/10-20-30.jpg?resize=300%2C128&amp;ssl=1 300w, https:\/\/i1.wp.com\/arripio.com.br\/wp-content\/uploads\/2014\/07\/10-20-30.jpg?w=414&amp;ssl=1 414w\" sizes=\"(max-width: 360px) 100vw, 360px\" data-recalc-dims=\"1\" \/><\/a><\/p>\n<p>a) 10<br \/>\nDez \u00e9 o n\u00famero m\u00e1ximo de slides que sua apresenta\u00e7\u00e3o pode ter.<br \/>\n\u00c9 dif\u00edcil reter mais que isso. Seus ouvintes, seu chefe, sua equipe, todo mundo \u00e9 normal. E eles n\u00e3o conseguem mesmo reter um amontoado de informa\u00e7\u00f5es.<br \/>\nDez slides, no m\u00e1ximo, \u00e9 um bom n\u00famero.<\/p>\n<p>b) 20<br \/>\nVinte minutos \u00e9 o tempo ideal para sua apresenta\u00e7\u00e3o.<br \/>\nMais do que isso e a aten\u00e7\u00e3o das pessoas come\u00e7a a dispersar. Ou ent\u00e3o o sono bate.<br \/>\nSe durar mais do que vinte minutos sugiro fazer uma atividade que divida um bloco de apresenta\u00e7\u00e3o do pr\u00f3ximo. Perguntas para a plat\u00e9ia responder, uma tarefa em grupo de tr\u00eas minutos. Algo que quebre a monotonia.<\/p>\n<p>c) 30<br \/>\nTrinta \u00e9 o tamanho das letras (fontes) usadas na apresenta\u00e7\u00e3o.<br \/>\nVia de regra, outros apresentadores (n\u00e3o eu e voc\u00ea, \u00e9 l\u00f3gico) usam tamanho 10 de fonte. Resultado: al\u00e9m da segunda fileira ningu\u00e9m enxerga nada. Ou espreme os olhos para entender o que tem ali.<br \/>\nO mesmo vale para gr\u00e1ficos: cuidado com imagens e tabelas muito significativas para voc\u00ea, mas incompreens\u00edveis para a maioria.<br \/>\n\u00c9 claro que a fonte 30 \u00e9 uma sugest\u00e3o &#8220;gen\u00e9rica&#8221;. A mensagem aqui \u00e9: use material visual que fique otimizado para todos os que v\u00e3o assistir a apresenta\u00e7\u00e3o, e n\u00e3o somente para a tela do seu computador!!<br \/>\nOutra vantagem das fontes maiores \u00e9 que isso impede que voc\u00ea escreva muito no slide. Perfeito!! Voc\u00ea dever\u00e1 ent\u00e3o exercitar a arte de ser mais conciso e objetivo!!<\/p>\n<p>N\u00e3o deixe de ler mais a respeito no blog de Guy Kawasaki (em ingl\u00eas).<\/p>\n<h6>Fonte:\u00a0http:\/\/www.outrojeito.com.br\/apresentacoes\/a-regra-10-20-30-para-apresentacoes-voce-conhece\/<\/h6>\n<p>Estava lendo um livro sobre mapa mental\u00a0e\u00a0achei o tema interessante compartilha com voc\u00eas.<\/p>\n<p><a href=\"https:\/\/i0.wp.com\/arripio.com.br\/wp-content\/uploads\/2014\/07\/mapa_mental.png?ssl=1\"><img data-attachment-id=\"216\" data-permalink=\"https:\/\/arripio.com.br\/?attachment_id=216\" data-orig-file=\"https:\/\/i0.wp.com\/arripio.com.br\/wp-content\/uploads\/2014\/07\/mapa_mental.png?fit=420%2C307&amp;ssl=1\" data-orig-size=\"420,307\" data-comments-opened=\"1\" data-image-meta=\"{&quot;aperture&quot;:&quot;0&quot;,&quot;credit&quot;:&quot;&quot;,&quot;camera&quot;:&quot;&quot;,&quot;caption&quot;:&quot;&quot;,&quot;created_timestamp&quot;:&quot;0&quot;,&quot;copyright&quot;:&quot;&quot;,&quot;focal_length&quot;:&quot;0&quot;,&quot;iso&quot;:&quot;0&quot;,&quot;shutter_speed&quot;:&quot;0&quot;,&quot;title&quot;:&quot;&quot;,&quot;orientation&quot;:&quot;0&quot;}\" data-image-title=\"mapa_mental\" data-image-description=\"\" data-medium-file=\"https:\/\/i0.wp.com\/arripio.com.br\/wp-content\/uploads\/2014\/07\/mapa_mental.png?fit=300%2C219&amp;ssl=1\" data-large-file=\"https:\/\/i0.wp.com\/arripio.com.br\/wp-content\/uploads\/2014\/07\/mapa_mental.png?fit=420%2C307&amp;ssl=1\" loading=\"lazy\" class=\"alignnone wp-image-216\" src=\"https:\/\/i0.wp.com\/arripio.com.br\/wp-content\/uploads\/2014\/07\/mapa_mental.png?resize=360%2C263&#038;ssl=1\" alt=\"mapa_mental\" width=\"360\" height=\"263\" srcset=\"https:\/\/i0.wp.com\/arripio.com.br\/wp-content\/uploads\/2014\/07\/mapa_mental.png?resize=300%2C219&amp;ssl=1 300w, https:\/\/i0.wp.com\/arripio.com.br\/wp-content\/uploads\/2014\/07\/mapa_mental.png?w=420&amp;ssl=1 420w\" sizes=\"(max-width: 360px) 100vw, 360px\" data-recalc-dims=\"1\" \/><\/a><\/p>\n<p>&nbsp;<\/p>\n<p>&nbsp;<\/p>\n<h6>Fonte: Livro Mapas Mentais e Memoriza\u00e7\u00e3o<\/h6>\n<p>&nbsp;<\/p>\n<p>&nbsp;<\/p>\n","protected":false},"excerpt":{"rendered":"<p>Ol\u00e1 Pessoal Agora dia 24 de Julho consegui \u00eaxito no exame Lpic-202 ultima prova para certifica\u00e7\u00e3o LPI2. Gostaria de deixar algumas dicas que quem sabe possa ajudar outras pessoas: Quando fiz o exame da lpi 1 havia estudado \u00a0apenas pelo&hellip; <br \/><a class=\"read-more-button\" href=\"https:\/\/arripio.com.br\/?page_id=119\">Read more<\/a><\/p>\n","protected":false},"author":1,"featured_media":0,"parent":0,"menu_order":0,"comment_status":"open","ping_status":"open","template":"","meta":{"_exactmetrics_skip_tracking":false,"_exactmetrics_sitenote_active":false,"_exactmetrics_sitenote_note":"","_exactmetrics_sitenote_category":0,"spay_email":""},"jetpack_sharing_enabled":true,"jetpack_shortlink":"https:\/\/wp.me\/PazGcY-1V","jetpack-related-posts":[{"id":566,"url":"https:\/\/arripio.com.br\/?page_id=566","url_meta":{"origin":119,"position":0},"title":"F\u00e9rias Itaipu de Fora Jan\/2018","date":"7 Janeiro, 2018","format":false,"excerpt":"Hoje 07 de janeiro de 2018 come\u00e7a nossa viagem de f\u00e9rias e aqui postaremos todo trajeto, a ideia \u00e9 ajudar quem tiver interesse em fazer o mesmo passeio. Bem vindos Dia 08 de janeiro 2018 chegamos ao nosso destino Itaipu de Fora. Sa\u00edmos de Itabuna via Ilh\u00e9us depois seguimos rumo\u2026","rel":"","context":"Similar post","img":{"alt_text":"pixlr_20180107183241893","src":"https:\/\/i1.wp.com\/arripio.com.br\/wp-content\/uploads\/2018\/01\/pixlr_20180107183241893.jpg?resize=350%2C200","width":350,"height":200},"classes":[]},{"id":108,"url":"https:\/\/arripio.com.br\/?page_id=108","url_meta":{"origin":119,"position":1},"title":"Coaching","date":"17 Julho, 2014","format":false,"excerpt":"Planejamento \u00e9 fundamental para o seu sucesso Tente fazer o seu https:\/\/youtu.be\/wEOQ8eIGX7Y N\u00e3o deixe para o final do ano, \u00a0fa\u00e7a agora mesmo o seu planejamento anual ele ajudar\u00e1 \u00a0no direcionamento da sua vida pessoal ou profissional. Fonte:\u00a0https:\/\/www.youtube.com\/watch?v=wEOQ8eIGX7Y&list=FLLZrFnwpUDQbHqI8OfXGT5w&index=2 \u00a0 Frase do dia: Pior do que fazer pouco \u00e9 n\u00e3o fazer nada.\u2026","rel":"","context":"Similar post","img":{"alt_text":"","src":"https:\/\/i0.wp.com\/img.youtube.com\/vi\/wEOQ8eIGX7Y\/0.jpg?resize=350%2C200","width":350,"height":200},"classes":[]},{"id":699,"url":"https:\/\/arripio.com.br\/?page_id=699","url_meta":{"origin":119,"position":2},"title":"F\u00e9rias Guaibim-BA Jan\/2020","date":"19 Mar\u00e7o, 2021","format":false,"excerpt":"N\u00e3o \u00e9 novidade que sou admirador da Bahia e um dos lugares que eu mais visitei sem d\u00favida foi Guabim, depois de alguns anos resolvemos voltar a Guabim, lugar sem muita badala\u00e7\u00e3o ideal para quem procura tranquilidade e sossego. Dessa vez escolhemos pelo Airbnb a estrutura do local relativamente boa\u2026","rel":"","context":"Similar post","img":{"alt_text":"","src":"https:\/\/i0.wp.com\/arripio.com.br\/wp-content\/uploads\/2021\/03\/20200107_134232-scaled.jpg?resize=350%2C200&ssl=1","width":350,"height":200},"classes":[]},{"id":614,"url":"https:\/\/arripio.com.br\/?page_id=614","url_meta":{"origin":119,"position":3},"title":"F\u00e9rias Paraty Mirim Jan\/2019","date":"23 Abril, 2019","format":false,"excerpt":"Depois de v\u00e1rios convites para experimentar o Camping resolvemos aceitar o desafio de forma mais radical e para primeira vez resolvemos ir longe destino Paraty Mirim Rio de Janeiro. Acostumados a viajar para o nordeste brasileiro e sempre com a ideia de que as praias do sudeste eram de \u00e1guas\u2026","rel":"","context":"Similar post","img":{"alt_text":"","src":"https:\/\/i2.wp.com\/arripio.com.br\/wp-content\/uploads\/2019\/04\/top.png?resize=350%2C200&ssl=1","width":350,"height":200},"classes":[]},{"id":63,"url":"https:\/\/arripio.com.br\/?page_id=63","url_meta":{"origin":119,"position":4},"title":"Eletr\u00f4nicos","date":"27 Maio, 2014","format":false,"excerpt":"Medidor de n\u00edvel de caixa de \u00e1gua https:\/\/www.instagram.com\/tv\/CMhSZDfjYwo\/?utm_source=ig_web_copy_link Arduino \u00e9 uma plataforma open-source de prototipagem eletr\u00f4nica baseada, f\u00e1cil de usar hardware e software. \u00c9 destinado a artistas, designers, entusiastas e qualquer pessoa interessada em criar objetos ou ambientes interativos. \u00a0 http:\/\/labdegaragem.com\/page\/iniciante-1https:\/\/www.robocore.net\/ Irriga\u00e7\u00e3o Automatizada Projeto simples com ideia de irrigar plantas\u2026","rel":"","context":"Similar post","img":{"alt_text":"","src":"https:\/\/i1.wp.com\/arripio.com.br\/wp-content\/uploads\/2020\/01\/sonoff.jpg?resize=350%2C200&ssl=1","width":350,"height":200},"classes":[]},{"id":130,"url":"https:\/\/arripio.com.br\/?page_id=130","url_meta":{"origin":119,"position":5},"title":"Puppet","date":"1 Agosto, 2014","format":false,"excerpt":"Construindo um m\u00f3dulo b\u00e1sico no puppet C\u00f3digo do m\u00f3dulo: class zabbix { yumrepo { 'zabbix': enabled => 1, descr => 'Zabbix Official Repository - $basearch', baseurl => 'http:\/\/repo.zabbix.com\/zabbix\/2.4\/rhel\/6\/$basearch\/', gpgcheck => 0, } package { \"zabbix-agent\": ensure => present, } file { \"\/etc\/zabbix\/zabbix_agentd.conf\": ensure => file, owner => \"root\", group =>\u2026","rel":"","context":"Similar post","img":{"alt_text":"","src":"","width":0,"height":0},"classes":[]}],"_links":{"self":[{"href":"https:\/\/arripio.com.br\/index.php?rest_route=\/wp\/v2\/pages\/119"}],"collection":[{"href":"https:\/\/arripio.com.br\/index.php?rest_route=\/wp\/v2\/pages"}],"about":[{"href":"https:\/\/arripio.com.br\/index.php?rest_route=\/wp\/v2\/types\/page"}],"author":[{"embeddable":true,"href":"https:\/\/arripio.com.br\/index.php?rest_route=\/wp\/v2\/users\/1"}],"replies":[{"embeddable":true,"href":"https:\/\/arripio.com.br\/index.php?rest_route=%2Fwp%2Fv2%2Fcomments&post=119"}],"version-history":[{"count":11,"href":"https:\/\/arripio.com.br\/index.php?rest_route=\/wp\/v2\/pages\/119\/revisions"}],"predecessor-version":[{"id":914,"href":"https:\/\/arripio.com.br\/index.php?rest_route=\/wp\/v2\/pages\/119\/revisions\/914"}],"wp:attachment":[{"href":"https:\/\/arripio.com.br\/index.php?rest_route=%2Fwp%2Fv2%2Fmedia&parent=119"}],"curies":[{"name":"wp","href":"https:\/\/api.w.org\/{rel}","templated":true}]}}