{"id":566,"date":"2018-01-07T00:02:40","date_gmt":"2018-01-07T00:02:40","guid":{"rendered":"http:\/\/arripio.com.br\/?page_id=566"},"modified":"2019-05-03T12:21:42","modified_gmt":"2019-05-03T12:21:42","slug":"diario-de-ferias","status":"publish","type":"page","link":"https:\/\/arripio.com.br\/?page_id=566","title":{"rendered":"F\u00e9rias Itaipu de Fora Jan\/2018"},"content":{"rendered":"<p style=\"text-align: left;\">Hoje 07 de janeiro de 2018 come\u00e7a nossa viagem de f\u00e9rias e aqui postaremos todo trajeto, a ideia \u00e9 ajudar quem tiver interesse em fazer o mesmo passeio.<\/p>\n<p>Bem vindos<\/p>\n<p><a href=\"https:\/\/i1.wp.com\/arripio.com.br\/wp-content\/uploads\/2018\/01\/pixlr_20180107183241893.jpg?ssl=1\"><img data-attachment-id=\"569\" data-permalink=\"https:\/\/arripio.com.br\/?attachment_id=569\" data-orig-file=\"https:\/\/i1.wp.com\/arripio.com.br\/wp-content\/uploads\/2018\/01\/pixlr_20180107183241893.jpg?fit=640%2C640&amp;ssl=1\" data-orig-size=\"640,640\" data-comments-opened=\"1\" data-image-meta=\"{&quot;aperture&quot;:&quot;0&quot;,&quot;credit&quot;:&quot;&quot;,&quot;camera&quot;:&quot;&quot;,&quot;caption&quot;:&quot;&quot;,&quot;created_timestamp&quot;:&quot;0&quot;,&quot;copyright&quot;:&quot;&quot;,&quot;focal_length&quot;:&quot;0&quot;,&quot;iso&quot;:&quot;0&quot;,&quot;shutter_speed&quot;:&quot;0&quot;,&quot;title&quot;:&quot;&quot;,&quot;orientation&quot;:&quot;0&quot;}\" data-image-title=\"pixlr_20180107183241893\" data-image-description=\"\" data-medium-file=\"https:\/\/i1.wp.com\/arripio.com.br\/wp-content\/uploads\/2018\/01\/pixlr_20180107183241893.jpg?fit=640%2C640&amp;ssl=1\" data-large-file=\"https:\/\/i1.wp.com\/arripio.com.br\/wp-content\/uploads\/2018\/01\/pixlr_20180107183241893.jpg?fit=640%2C640&amp;ssl=1\" loading=\"lazy\" class=\"aligncenter size-full wp-image-569\" src=\"https:\/\/i1.wp.com\/arripio.com.br\/wp-content\/uploads\/2018\/01\/pixlr_20180107183241893.jpg?resize=640%2C640&#038;ssl=1\" alt=\"pixlr_20180107183241893\" width=\"640\" height=\"640\" srcset=\"https:\/\/i1.wp.com\/arripio.com.br\/wp-content\/uploads\/2018\/01\/pixlr_20180107183241893.jpg?w=640&amp;ssl=1 640w, https:\/\/i1.wp.com\/arripio.com.br\/wp-content\/uploads\/2018\/01\/pixlr_20180107183241893.jpg?resize=150%2C150&amp;ssl=1 150w, https:\/\/i1.wp.com\/arripio.com.br\/wp-content\/uploads\/2018\/01\/pixlr_20180107183241893.jpg?resize=600%2C600&amp;ssl=1 600w, https:\/\/i1.wp.com\/arripio.com.br\/wp-content\/uploads\/2018\/01\/pixlr_20180107183241893.jpg?resize=160%2C160&amp;ssl=1 160w, https:\/\/i1.wp.com\/arripio.com.br\/wp-content\/uploads\/2018\/01\/pixlr_20180107183241893.jpg?resize=45%2C45&amp;ssl=1 45w\" sizes=\"(max-width: 640px) 100vw, 640px\" data-recalc-dims=\"1\" \/><\/a><\/p>\n<p>Dia 08 de janeiro 2018 chegamos ao nosso destino Itaipu de Fora. Sa\u00edmos de Itabuna via Ilh\u00e9us depois seguimos rumo a Itacar\u00e9 e chegamos.<\/p>\n<p>A parte de asfalto foi tranquila apesar de muitas curvas e serras, mas o visual compensou.<\/p>\n<p><em><a href=\"https:\/\/i0.wp.com\/arripio.com.br\/wp-content\/uploads\/2018\/01\/pixlr_20180108170031811.jpg?ssl=1\"><img data-attachment-id=\"573\" data-permalink=\"https:\/\/arripio.com.br\/?attachment_id=573\" data-orig-file=\"https:\/\/i0.wp.com\/arripio.com.br\/wp-content\/uploads\/2018\/01\/pixlr_20180108170031811.jpg?fit=640%2C640&amp;ssl=1\" data-orig-size=\"640,640\" data-comments-opened=\"1\" data-image-meta=\"{&quot;aperture&quot;:&quot;0&quot;,&quot;credit&quot;:&quot;&quot;,&quot;camera&quot;:&quot;&quot;,&quot;caption&quot;:&quot;&quot;,&quot;created_timestamp&quot;:&quot;0&quot;,&quot;copyright&quot;:&quot;&quot;,&quot;focal_length&quot;:&quot;0&quot;,&quot;iso&quot;:&quot;0&quot;,&quot;shutter_speed&quot;:&quot;0&quot;,&quot;title&quot;:&quot;&quot;,&quot;orientation&quot;:&quot;0&quot;}\" data-image-title=\"pixlr_20180108170031811\" data-image-description=\"\" data-medium-file=\"https:\/\/i0.wp.com\/arripio.com.br\/wp-content\/uploads\/2018\/01\/pixlr_20180108170031811.jpg?fit=640%2C640&amp;ssl=1\" data-large-file=\"https:\/\/i0.wp.com\/arripio.com.br\/wp-content\/uploads\/2018\/01\/pixlr_20180108170031811.jpg?fit=640%2C640&amp;ssl=1\" loading=\"lazy\" class=\"aligncenter size-full wp-image-573\" src=\"https:\/\/i0.wp.com\/arripio.com.br\/wp-content\/uploads\/2018\/01\/pixlr_20180108170031811.jpg?resize=640%2C640&#038;ssl=1\" alt=\"pixlr_20180108170031811\" width=\"640\" height=\"640\" srcset=\"https:\/\/i0.wp.com\/arripio.com.br\/wp-content\/uploads\/2018\/01\/pixlr_20180108170031811.jpg?w=640&amp;ssl=1 640w, https:\/\/i0.wp.com\/arripio.com.br\/wp-content\/uploads\/2018\/01\/pixlr_20180108170031811.jpg?resize=150%2C150&amp;ssl=1 150w, https:\/\/i0.wp.com\/arripio.com.br\/wp-content\/uploads\/2018\/01\/pixlr_20180108170031811.jpg?resize=600%2C600&amp;ssl=1 600w, https:\/\/i0.wp.com\/arripio.com.br\/wp-content\/uploads\/2018\/01\/pixlr_20180108170031811.jpg?resize=160%2C160&amp;ssl=1 160w, https:\/\/i0.wp.com\/arripio.com.br\/wp-content\/uploads\/2018\/01\/pixlr_20180108170031811.jpg?resize=45%2C45&amp;ssl=1 45w\" sizes=\"(max-width: 640px) 100vw, 640px\" data-recalc-dims=\"1\" \/><\/a><\/em><\/p>\n<p>Agora os 50km finais de estrada de ch\u00e3o terr\u00edvel muito ruim mesmo carro de passeio baixo passa mal, muita pedra e &#8220;costelas de vaca&#8221; que torna o caminho extremamente cansativo e arriscado para quebrar o carro.<\/p>\n<p>Dia 09 de janeiro de 2018 hoje come\u00e7ou muito chuvoso pensei que ficaria o dia inteiro, mas aos poucos o sol foi chegando e dia foi bem produtivo no Bar da Meninas apesar da recep\u00e7\u00e3o com uma consuma\u00e7\u00e3o de R$200.00 o atendimento e a comida foi boa e para fechar o dia um mergulho em meio aos corais com uma variedade de peixes impressionante valeu a experi\u00eancia e deixou com vontade de quero mais o visual \u00e9 muito lindo.<\/p>\n<p><a href=\"https:\/\/i1.wp.com\/arripio.com.br\/wp-content\/uploads\/2018\/01\/pixlr_20180111141330950.jpg?ssl=1\"><img data-attachment-id=\"579\" data-permalink=\"https:\/\/arripio.com.br\/?attachment_id=579\" data-orig-file=\"https:\/\/i1.wp.com\/arripio.com.br\/wp-content\/uploads\/2018\/01\/pixlr_20180111141330950.jpg?fit=640%2C640&amp;ssl=1\" data-orig-size=\"640,640\" data-comments-opened=\"1\" data-image-meta=\"{&quot;aperture&quot;:&quot;0&quot;,&quot;credit&quot;:&quot;&quot;,&quot;camera&quot;:&quot;&quot;,&quot;caption&quot;:&quot;&quot;,&quot;created_timestamp&quot;:&quot;0&quot;,&quot;copyright&quot;:&quot;&quot;,&quot;focal_length&quot;:&quot;0&quot;,&quot;iso&quot;:&quot;0&quot;,&quot;shutter_speed&quot;:&quot;0&quot;,&quot;title&quot;:&quot;&quot;,&quot;orientation&quot;:&quot;0&quot;}\" data-image-title=\"pixlr_20180111141330950\" data-image-description=\"\" data-medium-file=\"https:\/\/i1.wp.com\/arripio.com.br\/wp-content\/uploads\/2018\/01\/pixlr_20180111141330950.jpg?fit=640%2C640&amp;ssl=1\" data-large-file=\"https:\/\/i1.wp.com\/arripio.com.br\/wp-content\/uploads\/2018\/01\/pixlr_20180111141330950.jpg?fit=640%2C640&amp;ssl=1\" loading=\"lazy\" class=\"aligncenter size-full wp-image-579\" src=\"https:\/\/i1.wp.com\/arripio.com.br\/wp-content\/uploads\/2018\/01\/pixlr_20180111141330950.jpg?resize=640%2C640&#038;ssl=1\" alt=\"pixlr_20180111141330950\" width=\"640\" height=\"640\" srcset=\"https:\/\/i1.wp.com\/arripio.com.br\/wp-content\/uploads\/2018\/01\/pixlr_20180111141330950.jpg?w=640&amp;ssl=1 640w, https:\/\/i1.wp.com\/arripio.com.br\/wp-content\/uploads\/2018\/01\/pixlr_20180111141330950.jpg?resize=150%2C150&amp;ssl=1 150w, https:\/\/i1.wp.com\/arripio.com.br\/wp-content\/uploads\/2018\/01\/pixlr_20180111141330950.jpg?resize=600%2C600&amp;ssl=1 600w, https:\/\/i1.wp.com\/arripio.com.br\/wp-content\/uploads\/2018\/01\/pixlr_20180111141330950.jpg?resize=160%2C160&amp;ssl=1 160w, https:\/\/i1.wp.com\/arripio.com.br\/wp-content\/uploads\/2018\/01\/pixlr_20180111141330950.jpg?resize=45%2C45&amp;ssl=1 45w\" sizes=\"(max-width: 640px) 100vw, 640px\" data-recalc-dims=\"1\" \/><\/a><\/p>\n<p>Depois de alguns dias em busca da t\u00e3o sonhada mar\u00e9 baixa encontramos um espet\u00e1culo da natureza, admirador de aqu\u00e1rios fiquei impressionado com tamanha beleza natural dos aqu\u00e1rios formados com as piscinas naturais, cada um com suas beleza peculiar uma obra prima de Deus.<\/p>\n<p>&nbsp;<\/p>\n<p><iframe loading=\"lazy\"  id=\"_ytid_69801\"  width=\"840\" height=\"473\"  data-origwidth=\"840\" data-origheight=\"473\" src=\"https:\/\/www.youtube.com\/embed\/Xzmodxs3dMg?enablejsapi=1&#038;autoplay=0&#038;cc_load_policy=0&#038;cc_lang_pref=&#038;iv_load_policy=1&#038;loop=0&#038;modestbranding=0&#038;rel=1&#038;fs=1&#038;playsinline=0&#038;autohide=2&#038;theme=dark&#038;color=red&#038;controls=1&#038;\" class=\"__youtube_prefs__  epyt-is-override  no-lazyload\" title=\"YouTube player\"  allow=\"fullscreen; accelerometer; autoplay; clipboard-write; encrypted-media; gyroscope; picture-in-picture\" allowfullscreen data-no-lazy=\"1\" data-skipgform_ajax_framebjll=\"\"><\/iframe><\/p>\n<p>Depois de desfrutar desse para\u00edso \u00e9 hora de voltar. Pegamos aquele terr\u00edvel trecho de estrada de ch\u00e3o depois seguimos para Itacar\u00e9. Infelizmente n\u00e3o conseguimos se quer parar o carro tamanha quantidade de pessoas que tinha em todas as praias. Aproveitamos e almo\u00e7amos no restaurante Beco das Flores um lugar muito agrad\u00e1vel&nbsp;com comida deliciosa e um atendimento excelente.<\/p>\n<p><a href=\"https:\/\/i2.wp.com\/arripio.com.br\/wp-content\/uploads\/2018\/01\/pixlr_20180304122105735.jpg?ssl=1\"><img data-attachment-id=\"585\" data-permalink=\"https:\/\/arripio.com.br\/?attachment_id=585\" data-orig-file=\"https:\/\/i2.wp.com\/arripio.com.br\/wp-content\/uploads\/2018\/01\/pixlr_20180304122105735.jpg?fit=640%2C640&amp;ssl=1\" data-orig-size=\"640,640\" data-comments-opened=\"1\" data-image-meta=\"{&quot;aperture&quot;:&quot;0&quot;,&quot;credit&quot;:&quot;&quot;,&quot;camera&quot;:&quot;&quot;,&quot;caption&quot;:&quot;&quot;,&quot;created_timestamp&quot;:&quot;0&quot;,&quot;copyright&quot;:&quot;&quot;,&quot;focal_length&quot;:&quot;0&quot;,&quot;iso&quot;:&quot;0&quot;,&quot;shutter_speed&quot;:&quot;0&quot;,&quot;title&quot;:&quot;&quot;,&quot;orientation&quot;:&quot;0&quot;}\" data-image-title=\"pixlr_20180304122105735\" data-image-description=\"\" data-medium-file=\"https:\/\/i2.wp.com\/arripio.com.br\/wp-content\/uploads\/2018\/01\/pixlr_20180304122105735.jpg?fit=640%2C640&amp;ssl=1\" data-large-file=\"https:\/\/i2.wp.com\/arripio.com.br\/wp-content\/uploads\/2018\/01\/pixlr_20180304122105735.jpg?fit=640%2C640&amp;ssl=1\" loading=\"lazy\" class=\"aligncenter size-full wp-image-585\" src=\"https:\/\/i2.wp.com\/arripio.com.br\/wp-content\/uploads\/2018\/01\/pixlr_20180304122105735.jpg?resize=640%2C640&#038;ssl=1\" alt=\"pixlr_20180304122105735\" width=\"640\" height=\"640\" srcset=\"https:\/\/i2.wp.com\/arripio.com.br\/wp-content\/uploads\/2018\/01\/pixlr_20180304122105735.jpg?w=640&amp;ssl=1 640w, https:\/\/i2.wp.com\/arripio.com.br\/wp-content\/uploads\/2018\/01\/pixlr_20180304122105735.jpg?resize=150%2C150&amp;ssl=1 150w, https:\/\/i2.wp.com\/arripio.com.br\/wp-content\/uploads\/2018\/01\/pixlr_20180304122105735.jpg?resize=600%2C600&amp;ssl=1 600w, https:\/\/i2.wp.com\/arripio.com.br\/wp-content\/uploads\/2018\/01\/pixlr_20180304122105735.jpg?resize=160%2C160&amp;ssl=1 160w, https:\/\/i2.wp.com\/arripio.com.br\/wp-content\/uploads\/2018\/01\/pixlr_20180304122105735.jpg?resize=45%2C45&amp;ssl=1 45w\" sizes=\"(max-width: 640px) 100vw, 640px\" data-recalc-dims=\"1\" \/><\/a><\/p>\n<p>Depois seguimos viagem e chegamos&nbsp;a Serra Grande uma lugar inesquec\u00edvel por conta da vis\u00e3o que t\u00ednhamos tanto do mirante 2 como no mirante 1 uma sensa\u00e7\u00e3o de paz indescrit\u00edvel. Ficamos sem a\u00e7\u00e3o com tamanha beleza do cen\u00e1rio recomendo muito. Ent\u00e3o ficamos hospedados 2 dias a beira mar em um mini resort, por\u00e9m a alimenta\u00e7\u00e3o deixou muito a desejar, a infraestrutura do hotel muito boa quartos e instala\u00e7\u00f5es e atendimento mas a comida triste.<\/p>\n<p><em><a href=\"https:\/\/i2.wp.com\/arripio.com.br\/wp-content\/uploads\/2018\/01\/pixlr_20180304121140616_20180304124715135.jpg?ssl=1\"><img data-attachment-id=\"589\" data-permalink=\"https:\/\/arripio.com.br\/?attachment_id=589\" data-orig-file=\"https:\/\/i2.wp.com\/arripio.com.br\/wp-content\/uploads\/2018\/01\/pixlr_20180304121140616_20180304124715135.jpg?fit=640%2C640&amp;ssl=1\" data-orig-size=\"640,640\" data-comments-opened=\"1\" data-image-meta=\"{&quot;aperture&quot;:&quot;0&quot;,&quot;credit&quot;:&quot;&quot;,&quot;camera&quot;:&quot;&quot;,&quot;caption&quot;:&quot;&quot;,&quot;created_timestamp&quot;:&quot;0&quot;,&quot;copyright&quot;:&quot;&quot;,&quot;focal_length&quot;:&quot;0&quot;,&quot;iso&quot;:&quot;0&quot;,&quot;shutter_speed&quot;:&quot;0&quot;,&quot;title&quot;:&quot;&quot;,&quot;orientation&quot;:&quot;1&quot;}\" data-image-title=\"pixlr_20180304121140616_20180304124715135\" data-image-description=\"\" data-medium-file=\"https:\/\/i2.wp.com\/arripio.com.br\/wp-content\/uploads\/2018\/01\/pixlr_20180304121140616_20180304124715135.jpg?fit=640%2C640&amp;ssl=1\" data-large-file=\"https:\/\/i2.wp.com\/arripio.com.br\/wp-content\/uploads\/2018\/01\/pixlr_20180304121140616_20180304124715135.jpg?fit=640%2C640&amp;ssl=1\" loading=\"lazy\" class=\"aligncenter size-full wp-image-589\" src=\"https:\/\/i2.wp.com\/arripio.com.br\/wp-content\/uploads\/2018\/01\/pixlr_20180304121140616_20180304124715135.jpg?resize=640%2C640&#038;ssl=1\" alt=\"pixlr_20180304121140616_20180304124715135\" width=\"640\" height=\"640\" srcset=\"https:\/\/i2.wp.com\/arripio.com.br\/wp-content\/uploads\/2018\/01\/pixlr_20180304121140616_20180304124715135.jpg?w=640&amp;ssl=1 640w, https:\/\/i2.wp.com\/arripio.com.br\/wp-content\/uploads\/2018\/01\/pixlr_20180304121140616_20180304124715135.jpg?resize=150%2C150&amp;ssl=1 150w, https:\/\/i2.wp.com\/arripio.com.br\/wp-content\/uploads\/2018\/01\/pixlr_20180304121140616_20180304124715135.jpg?resize=600%2C600&amp;ssl=1 600w, https:\/\/i2.wp.com\/arripio.com.br\/wp-content\/uploads\/2018\/01\/pixlr_20180304121140616_20180304124715135.jpg?resize=160%2C160&amp;ssl=1 160w, https:\/\/i2.wp.com\/arripio.com.br\/wp-content\/uploads\/2018\/01\/pixlr_20180304121140616_20180304124715135.jpg?resize=45%2C45&amp;ssl=1 45w\" sizes=\"(max-width: 640px) 100vw, 640px\" data-recalc-dims=\"1\" \/><\/a><\/em><\/p>\n<p>Depois de 3000km rodados em paz gra\u00e7as a Deus Voltamos ao&nbsp; nosso l\u00e1. Dessa vez sa\u00edmos por volta das 04h da madrugada&nbsp;de&nbsp;Serra Grande e chegamos a Bras\u00edlia em uma viagem muito tranquila com rodovias sem coment\u00e1rio como dizem a estrada estava um tapete em todo trecho.<\/p>\n<p><a href=\"https:\/\/i1.wp.com\/arripio.com.br\/wp-content\/uploads\/2018\/01\/Sele\u00e7\u00e3o_196.png?ssl=1\"><img data-attachment-id=\"593\" data-permalink=\"https:\/\/arripio.com.br\/?attachment_id=593\" data-orig-file=\"https:\/\/i1.wp.com\/arripio.com.br\/wp-content\/uploads\/2018\/01\/Sele\u00e7\u00e3o_196.png?fit=1036%2C543&amp;ssl=1\" data-orig-size=\"1036,543\" data-comments-opened=\"1\" data-image-meta=\"{&quot;aperture&quot;:&quot;0&quot;,&quot;credit&quot;:&quot;&quot;,&quot;camera&quot;:&quot;&quot;,&quot;caption&quot;:&quot;&quot;,&quot;created_timestamp&quot;:&quot;0&quot;,&quot;copyright&quot;:&quot;&quot;,&quot;focal_length&quot;:&quot;0&quot;,&quot;iso&quot;:&quot;0&quot;,&quot;shutter_speed&quot;:&quot;0&quot;,&quot;title&quot;:&quot;&quot;,&quot;orientation&quot;:&quot;0&quot;}\" data-image-title=\"Sele\u00e7\u00e3o_196\" data-image-description=\"\" data-medium-file=\"https:\/\/i1.wp.com\/arripio.com.br\/wp-content\/uploads\/2018\/01\/Sele\u00e7\u00e3o_196.png?fit=640%2C335&amp;ssl=1\" data-large-file=\"https:\/\/i1.wp.com\/arripio.com.br\/wp-content\/uploads\/2018\/01\/Sele\u00e7\u00e3o_196.png?fit=840%2C441&amp;ssl=1\" loading=\"lazy\" class=\"aligncenter size-medium wp-image-593\" src=\"https:\/\/i1.wp.com\/arripio.com.br\/wp-content\/uploads\/2018\/01\/Sele\u00e7\u00e3o_196.png?resize=640%2C335&#038;ssl=1\" alt=\"Sele\u00e7\u00e3o_196\" width=\"640\" height=\"335\" srcset=\"https:\/\/i1.wp.com\/arripio.com.br\/wp-content\/uploads\/2018\/01\/Sele\u00e7\u00e3o_196.png?resize=640%2C335&amp;ssl=1 640w, https:\/\/i1.wp.com\/arripio.com.br\/wp-content\/uploads\/2018\/01\/Sele\u00e7\u00e3o_196.png?resize=768%2C403&amp;ssl=1 768w, https:\/\/i1.wp.com\/arripio.com.br\/wp-content\/uploads\/2018\/01\/Sele\u00e7\u00e3o_196.png?resize=1024%2C537&amp;ssl=1 1024w, https:\/\/i1.wp.com\/arripio.com.br\/wp-content\/uploads\/2018\/01\/Sele\u00e7\u00e3o_196.png?resize=600%2C314&amp;ssl=1 600w, https:\/\/i1.wp.com\/arripio.com.br\/wp-content\/uploads\/2018\/01\/Sele\u00e7\u00e3o_196.png?resize=280%2C147&amp;ssl=1 280w, https:\/\/i1.wp.com\/arripio.com.br\/wp-content\/uploads\/2018\/01\/Sele\u00e7\u00e3o_196.png?w=1036&amp;ssl=1 1036w\" sizes=\"(max-width: 640px) 100vw, 640px\" data-recalc-dims=\"1\" \/><\/a><\/p>\n<p>&nbsp;<\/p>\n","protected":false},"excerpt":{"rendered":"<p>Hoje 07 de janeiro de 2018 come\u00e7a nossa viagem de f\u00e9rias e aqui postaremos todo trajeto, a ideia \u00e9 ajudar quem tiver interesse em fazer o mesmo passeio. Bem vindos Dia 08 de janeiro 2018 chegamos ao nosso destino Itaipu&hellip; <br \/><a class=\"read-more-button\" href=\"https:\/\/arripio.com.br\/?page_id=566\">Read more<\/a><\/p>\n","protected":false},"author":1,"featured_media":0,"parent":0,"menu_order":0,"comment_status":"closed","ping_status":"closed","template":"","meta":{"_exactmetrics_skip_tracking":false,"_exactmetrics_sitenote_active":false,"_exactmetrics_sitenote_note":"","_exactmetrics_sitenote_category":0,"spay_email":""},"jetpack_sharing_enabled":true,"jetpack_shortlink":"https:\/\/wp.me\/PazGcY-98","jetpack-related-posts":[{"id":614,"url":"https:\/\/arripio.com.br\/?page_id=614","url_meta":{"origin":566,"position":0},"title":"F\u00e9rias Paraty Mirim Jan\/2019","date":"23 Abril, 2019","format":false,"excerpt":"Depois de v\u00e1rios convites para experimentar o Camping resolvemos aceitar o desafio de forma mais radical e para primeira vez resolvemos ir longe destino Paraty Mirim Rio de Janeiro. Acostumados a viajar para o nordeste brasileiro e sempre com a ideia de que as praias do sudeste eram de \u00e1guas\u2026","rel":"","context":"Similar post","img":{"alt_text":"","src":"https:\/\/i2.wp.com\/arripio.com.br\/wp-content\/uploads\/2019\/04\/top.png?resize=350%2C200&ssl=1","width":350,"height":200},"classes":[]},{"id":699,"url":"https:\/\/arripio.com.br\/?page_id=699","url_meta":{"origin":566,"position":1},"title":"F\u00e9rias Guaibim-BA Jan\/2020","date":"19 Mar\u00e7o, 2021","format":false,"excerpt":"N\u00e3o \u00e9 novidade que sou admirador da Bahia e um dos lugares que eu mais visitei sem d\u00favida foi Guabim, depois de alguns anos resolvemos voltar a Guabim, lugar sem muita badala\u00e7\u00e3o ideal para quem procura tranquilidade e sossego. Dessa vez escolhemos pelo Airbnb a estrutura do local relativamente boa\u2026","rel":"","context":"Similar post","img":{"alt_text":"","src":"https:\/\/i0.wp.com\/arripio.com.br\/wp-content\/uploads\/2021\/03\/20200107_134232-scaled.jpg?resize=350%2C200&ssl=1","width":350,"height":200},"classes":[]},{"id":645,"url":"https:\/\/arripio.com.br\/?page_id=645","url_meta":{"origin":566,"position":2},"title":"F\u00e9rias","date":"3 Maio, 2019","format":false,"excerpt":"http:\/\/arripio.com.br\/?page_id=614 http:\/\/arripio.com.br\/?page_id=566 http:\/\/arripio.com.br\/?page_id=699","rel":"","context":"Similar post","img":{"alt_text":"","src":"","width":0,"height":0},"classes":[]},{"id":108,"url":"https:\/\/arripio.com.br\/?page_id=108","url_meta":{"origin":566,"position":3},"title":"Coaching","date":"17 Julho, 2014","format":false,"excerpt":"Planejamento \u00e9 fundamental para o seu sucesso Tente fazer o seu https:\/\/youtu.be\/wEOQ8eIGX7Y N\u00e3o deixe para o final do ano, \u00a0fa\u00e7a agora mesmo o seu planejamento anual ele ajudar\u00e1 \u00a0no direcionamento da sua vida pessoal ou profissional. Fonte:\u00a0https:\/\/www.youtube.com\/watch?v=wEOQ8eIGX7Y&list=FLLZrFnwpUDQbHqI8OfXGT5w&index=2 \u00a0 Frase do dia: Pior do que fazer pouco \u00e9 n\u00e3o fazer nada.\u2026","rel":"","context":"Similar post","img":{"alt_text":"","src":"https:\/\/i0.wp.com\/img.youtube.com\/vi\/wEOQ8eIGX7Y\/0.jpg?resize=350%2C200","width":350,"height":200},"classes":[]},{"id":119,"url":"https:\/\/arripio.com.br\/?page_id=119","url_meta":{"origin":566,"position":4},"title":"Estudo","date":"27 Julho, 2014","format":false,"excerpt":"Ol\u00e1 Pessoal Agora dia 24 de Julho consegui \u00eaxito no exame Lpic-202 ultima prova para certifica\u00e7\u00e3o LPI2. Gostaria de deixar algumas dicas que quem sabe possa ajudar outras pessoas: Quando fiz o exame da lpi 1 havia estudado \u00a0apenas pelo livro Certifica\u00e7\u00e3o LPI-1: 101-102 Autor: Luciano Antonio Siqueira Editora: Alta\u2026","rel":"","context":"Similar post","img":{"alt_text":"cetificado","src":"https:\/\/i2.wp.com\/arripio.com.br\/wp-content\/uploads\/2014\/07\/cetificado-300x169.png?resize=350%2C200","width":350,"height":200},"classes":[]},{"id":100,"url":"https:\/\/arripio.com.br\/?page_id=100","url_meta":{"origin":566,"position":5},"title":"Linux","date":"29 Junho, 2014","format":false,"excerpt":"Como boa pratica na ger\u00eancia de configura\u00e7\u00e3o para uma r\u00e1pida \u00a0leitura dos arquivos de configura\u00e7\u00e3o e \u00fatil retirar os coment\u00e1rios para facilitar a analise e organiza\u00e7\u00e3o. Comando: # egrep -v \"^#|^$\"\u00a0arquivo_de_origem\u00a0> arquivo_de_destino Minha Distribui\u00e7\u00e3o Atualmente nas minhas maquinas pessoais eu uso Debian, nos servidores estava utilizado Centos, mas com os\u2026","rel":"","context":"Similar post","img":{"alt_text":"","src":"https:\/\/i2.wp.com\/arripio.com.br\/wp-content\/uploads\/2021\/03\/Openlogo-debianV2.svg_.png?resize=350%2C200&ssl=1","width":350,"height":200},"classes":[]}],"_links":{"self":[{"href":"https:\/\/arripio.com.br\/index.php?rest_route=\/wp\/v2\/pages\/566"}],"collection":[{"href":"https:\/\/arripio.com.br\/index.php?rest_route=\/wp\/v2\/pages"}],"about":[{"href":"https:\/\/arripio.com.br\/index.php?rest_route=\/wp\/v2\/types\/page"}],"author":[{"embeddable":true,"href":"https:\/\/arripio.com.br\/index.php?rest_route=\/wp\/v2\/users\/1"}],"replies":[{"embeddable":true,"href":"https:\/\/arripio.com.br\/index.php?rest_route=%2Fwp%2Fv2%2Fcomments&post=566"}],"version-history":[{"count":23,"href":"https:\/\/arripio.com.br\/index.php?rest_route=\/wp\/v2\/pages\/566\/revisions"}],"predecessor-version":[{"id":664,"href":"https:\/\/arripio.com.br\/index.php?rest_route=\/wp\/v2\/pages\/566\/revisions\/664"}],"wp:attachment":[{"href":"https:\/\/arripio.com.br\/index.php?rest_route=%2Fwp%2Fv2%2Fmedia&parent=566"}],"curies":[{"name":"wp","href":"https:\/\/api.w.org\/{rel}","templated":true}]}}