{"id":63,"date":"2014-05-27T21:24:29","date_gmt":"2014-05-27T21:24:29","guid":{"rendered":"http:\/\/107.170.191.119\/?page_id=63"},"modified":"2021-03-23T14:28:59","modified_gmt":"2021-03-23T14:28:59","slug":"arduino","status":"publish","type":"page","link":"https:\/\/arripio.com.br\/?page_id=63","title":{"rendered":"Eletr\u00f4nicos"},"content":{"rendered":"\n<p>Medidor de n\u00edvel de caixa de \u00e1gua <\/p>\n\n\n\n<p><a href=\"https:\/\/www.instagram.com\/tv\/CMhSZDfjYwo\/?utm_source=ig_web_copy_link\">https:\/\/www.instagram.com\/tv\/CMhSZDfjYwo\/?utm_source=ig_web_copy_link<\/a><\/p>\n\n\n\n<p><\/p>\n\n\n<p><span class=\"embed-youtube\" style=\"text-align:center; display: block;\"><iframe class='youtube-player' width='840' height='473' src='https:\/\/www.youtube.com\/embed\/heqiWI6qQUs?version=3&#038;rel=1&#038;showsearch=0&#038;showinfo=1&#038;iv_load_policy=1&#038;fs=1&#038;hl=pt-PT&#038;autohide=2&#038;wmode=transparent' allowfullscreen='true' style='border:0;' sandbox='allow-scripts allow-same-origin allow-popups allow-presentation'><\/iframe><\/span><\/p>\n<p><a href=\"https:\/\/i1.wp.com\/arripio.com.br\/wp-content\/uploads\/2014\/05\/Arduino-Uno-R3-Front-e1456364890587.jpg?ssl=1\" rel=\"attachment wp-att-393\"><img data-attachment-id=\"393\" data-permalink=\"https:\/\/arripio.com.br\/?attachment_id=393\" data-orig-file=\"https:\/\/i1.wp.com\/arripio.com.br\/wp-content\/uploads\/2014\/05\/Arduino-Uno-R3-Front-e1456364890587.jpg?fit=400%2C276&amp;ssl=1\" data-orig-size=\"400,276\" data-comments-opened=\"1\" data-image-meta=\"{&quot;aperture&quot;:&quot;0&quot;,&quot;credit&quot;:&quot;&quot;,&quot;camera&quot;:&quot;&quot;,&quot;caption&quot;:&quot;&quot;,&quot;created_timestamp&quot;:&quot;0&quot;,&quot;copyright&quot;:&quot;&quot;,&quot;focal_length&quot;:&quot;0&quot;,&quot;iso&quot;:&quot;0&quot;,&quot;shutter_speed&quot;:&quot;0&quot;,&quot;title&quot;:&quot;&quot;,&quot;orientation&quot;:&quot;1&quot;}\" data-image-title=\"Arduino-Uno-R3-Front\" data-image-description=\"\" data-medium-file=\"https:\/\/i1.wp.com\/arripio.com.br\/wp-content\/uploads\/2014\/05\/Arduino-Uno-R3-Front-e1456364890587.jpg?fit=640%2C442&amp;ssl=1\" data-large-file=\"https:\/\/i1.wp.com\/arripio.com.br\/wp-content\/uploads\/2014\/05\/Arduino-Uno-R3-Front-e1456364890587.jpg?fit=840%2C581&amp;ssl=1\" loading=\"lazy\" class=\"alignnone  wp-image-393\" src=\"https:\/\/i2.wp.com\/arripio.com.br\/wp-content\/uploads\/2014\/05\/Arduino-Uno-R3-Front.jpg?resize=233%2C161&#038;ssl=1\" alt=\"Arduino-Uno-R3-Front\" width=\"233\" height=\"161\" data-recalc-dims=\"1\" \/><\/a><\/p>\n<p>Arduino \u00e9 uma plataforma open-source de prototipagem eletr\u00f4nica baseada, f\u00e1cil de usar hardware e software. \u00c9 destinado a artistas, designers, entusiastas e qualquer pessoa interessada em criar objetos ou ambientes interativos.<\/p>\n<p>\u00a0<\/p>\n<p><a href=\"http:\/\/labdegaragem.com\/page\/iniciante-1\" target=\"_blank\" rel=\"noopener noreferrer\">http:\/\/labdegaragem.com\/page\/iniciante-1<\/a><br \/><a href=\"https:\/\/www.robocore.net\/\" target=\"_blank\" rel=\"noopener noreferrer\">https:\/\/www.robocore.net\/<\/a><\/p>\n<p>Irriga\u00e7\u00e3o Automatizada<\/p>\n<p>Projeto simples com ideia de irrigar plantas de forma automatizada economizando \u00e1gua.<\/p>\n<p>Itens necess\u00e1rio:<br \/>&#8211; 01 Arduino Uno<br \/>&#8211; 01 Sensor de umidade de solo GBK<br \/>&#8211; 01 Rele<br \/>&#8211; 01 Bomba de irriga\u00e7\u00e3o dessas usadas em cascata ou aqu\u00e1rio.<br \/>&#8211; Jumpers<\/p>\n<p><a href=\"https:\/\/i1.wp.com\/arripio.com.br\/wp-content\/uploads\/2014\/05\/arduino1.png?ssl=1\" rel=\"attachment wp-att-389\"><img data-attachment-id=\"389\" data-permalink=\"https:\/\/arripio.com.br\/?attachment_id=389\" data-orig-file=\"https:\/\/i1.wp.com\/arripio.com.br\/wp-content\/uploads\/2014\/05\/arduino1.png?fit=1134%2C689&amp;ssl=1\" data-orig-size=\"1134,689\" data-comments-opened=\"1\" data-image-meta=\"{&quot;aperture&quot;:&quot;0&quot;,&quot;credit&quot;:&quot;&quot;,&quot;camera&quot;:&quot;&quot;,&quot;caption&quot;:&quot;&quot;,&quot;created_timestamp&quot;:&quot;0&quot;,&quot;copyright&quot;:&quot;&quot;,&quot;focal_length&quot;:&quot;0&quot;,&quot;iso&quot;:&quot;0&quot;,&quot;shutter_speed&quot;:&quot;0&quot;,&quot;title&quot;:&quot;&quot;,&quot;orientation&quot;:&quot;0&quot;}\" data-image-title=\"arduino1\" data-image-description=\"\" data-medium-file=\"https:\/\/i1.wp.com\/arripio.com.br\/wp-content\/uploads\/2014\/05\/arduino1.png?fit=640%2C389&amp;ssl=1\" data-large-file=\"https:\/\/i1.wp.com\/arripio.com.br\/wp-content\/uploads\/2014\/05\/arduino1.png?fit=840%2C510&amp;ssl=1\" loading=\"lazy\" class=\"alignnone  wp-image-389\" src=\"https:\/\/i1.wp.com\/arripio.com.br\/wp-content\/uploads\/2014\/05\/arduino1.png?resize=489%2C297&#038;ssl=1\" alt=\"arduino1\" width=\"489\" height=\"297\" srcset=\"https:\/\/i1.wp.com\/arripio.com.br\/wp-content\/uploads\/2014\/05\/arduino1.png?resize=640%2C389&amp;ssl=1 640w, https:\/\/i1.wp.com\/arripio.com.br\/wp-content\/uploads\/2014\/05\/arduino1.png?resize=768%2C467&amp;ssl=1 768w, https:\/\/i1.wp.com\/arripio.com.br\/wp-content\/uploads\/2014\/05\/arduino1.png?resize=1024%2C622&amp;ssl=1 1024w, https:\/\/i1.wp.com\/arripio.com.br\/wp-content\/uploads\/2014\/05\/arduino1.png?w=1134&amp;ssl=1 1134w\" sizes=\"(max-width: 489px) 100vw, 489px\" data-recalc-dims=\"1\" \/><\/a><\/p>\n<p>C\u00f3digo<\/p>\n<p><code><br \/>\nint umidade;<br \/>\nvoid setup()<br \/>\n{<br \/>\npinMode(13, OUTPUT);<br \/>\nSerial.begin(9600);<br \/>\nSerial.println(\"Sensor de Umidade e Temperatura\");<br \/>\n}<br \/>\nvoid loop()<br \/>\n{<br \/>\nSerial.println(umidade);<br \/>\numidade = analogRead(A0);<\/code><\/p>\n<p><code><br \/>\n<\/code><\/p>\n<p><code>if(umidade &lt;=200)<br \/>\n{<br \/>\ndigitalWrite(13, HIGH);<br \/>\nSerial.println(\"Solo Irrigando \");<br \/>\nSerial.print(\"Umidade Atual e:\");<br \/>\nSerial.println(umidade);<br \/>\ndelay(1000);<br \/>\n}<br \/>\nelse<br \/>\n{<br \/>\ndigitalWrite(13, LOW);<br \/>\nSerial.print(\"Desigando Bomba\");<br \/>\nSerial.print(\"Solo Com Umidade Atual de: \");<br \/>\nSerial.print(umidade);<br \/>\n}<br \/>\ndelay(1000);<br \/>\n}<\/code><\/p>\n<p><code><br \/>\n<\/code><\/p>\n<p><code><\/code><\/p>\n<p>Segue o desenho do projeto.<br \/>Aten\u00e7\u00e3o cuidado ao usar a tomada sua voltagem n\u00e3o \u00e9 brincadeira.<\/p>\n<p><a href=\"https:\/\/i0.wp.com\/arripio.com.br\/wp-content\/uploads\/2014\/05\/irrigado.png?ssl=1\" rel=\"attachment wp-att-391\"><img data-attachment-id=\"391\" data-permalink=\"https:\/\/arripio.com.br\/?attachment_id=391\" data-orig-file=\"https:\/\/i0.wp.com\/arripio.com.br\/wp-content\/uploads\/2014\/05\/irrigado.png?fit=500%2C460&amp;ssl=1\" data-orig-size=\"500,460\" data-comments-opened=\"1\" data-image-meta=\"{&quot;aperture&quot;:&quot;0&quot;,&quot;credit&quot;:&quot;&quot;,&quot;camera&quot;:&quot;&quot;,&quot;caption&quot;:&quot;&quot;,&quot;created_timestamp&quot;:&quot;0&quot;,&quot;copyright&quot;:&quot;&quot;,&quot;focal_length&quot;:&quot;0&quot;,&quot;iso&quot;:&quot;0&quot;,&quot;shutter_speed&quot;:&quot;0&quot;,&quot;title&quot;:&quot;&quot;,&quot;orientation&quot;:&quot;0&quot;}\" data-image-title=\"irrigado\" data-image-description=\"\" data-medium-file=\"https:\/\/i0.wp.com\/arripio.com.br\/wp-content\/uploads\/2014\/05\/irrigado.png?fit=500%2C460&amp;ssl=1\" data-large-file=\"https:\/\/i0.wp.com\/arripio.com.br\/wp-content\/uploads\/2014\/05\/irrigado.png?fit=500%2C460&amp;ssl=1\" loading=\"lazy\" class=\"alignnone size-full wp-image-391\" src=\"https:\/\/i0.wp.com\/arripio.com.br\/wp-content\/uploads\/2014\/05\/irrigado.png?resize=500%2C460&#038;ssl=1\" alt=\"irrigado\" width=\"500\" height=\"460\" data-recalc-dims=\"1\" \/><\/a><\/p>\n<p>\u00a0<\/p>\n\n\n<figure class=\"wp-block-image is-resized\"><img data-attachment-id=\"674\" data-permalink=\"https:\/\/arripio.com.br\/?attachment_id=674\" data-orig-file=\"https:\/\/i1.wp.com\/arripio.com.br\/wp-content\/uploads\/2020\/01\/sonoff.jpg?fit=860%2C762&amp;ssl=1\" data-orig-size=\"860,762\" data-comments-opened=\"1\" data-image-meta=\"{&quot;aperture&quot;:&quot;0&quot;,&quot;credit&quot;:&quot;&quot;,&quot;camera&quot;:&quot;&quot;,&quot;caption&quot;:&quot;&quot;,&quot;created_timestamp&quot;:&quot;0&quot;,&quot;copyright&quot;:&quot;&quot;,&quot;focal_length&quot;:&quot;0&quot;,&quot;iso&quot;:&quot;0&quot;,&quot;shutter_speed&quot;:&quot;0&quot;,&quot;title&quot;:&quot;&quot;,&quot;orientation&quot;:&quot;0&quot;}\" data-image-title=\"sonoff\" data-image-description=\"\" data-medium-file=\"https:\/\/i1.wp.com\/arripio.com.br\/wp-content\/uploads\/2020\/01\/sonoff.jpg?fit=640%2C567&amp;ssl=1\" data-large-file=\"https:\/\/i1.wp.com\/arripio.com.br\/wp-content\/uploads\/2020\/01\/sonoff.jpg?fit=840%2C744&amp;ssl=1\" loading=\"lazy\" src=\"https:\/\/i1.wp.com\/arripio.com.br\/wp-content\/uploads\/2020\/01\/sonoff.jpg?resize=337%2C298&#038;ssl=1\" alt=\"\" class=\"wp-image-674\" width=\"337\" height=\"298\" srcset=\"https:\/\/i1.wp.com\/arripio.com.br\/wp-content\/uploads\/2020\/01\/sonoff.jpg?w=860&amp;ssl=1 860w, https:\/\/i1.wp.com\/arripio.com.br\/wp-content\/uploads\/2020\/01\/sonoff.jpg?resize=640%2C567&amp;ssl=1 640w, https:\/\/i1.wp.com\/arripio.com.br\/wp-content\/uploads\/2020\/01\/sonoff.jpg?resize=768%2C680&amp;ssl=1 768w, https:\/\/i1.wp.com\/arripio.com.br\/wp-content\/uploads\/2020\/01\/sonoff.jpg?resize=600%2C532&amp;ssl=1 600w, https:\/\/i1.wp.com\/arripio.com.br\/wp-content\/uploads\/2020\/01\/sonoff.jpg?resize=181%2C160&amp;ssl=1 181w\" sizes=\"(max-width: 337px) 100vw, 337px\" data-recalc-dims=\"1\" \/><\/figure>\n\n\n\n<p><a rel=\"noreferrer noopener\" href=\"https:\/\/www.instagram.com\/tv\/B7zKn2_HQ0Y\/?utm_source=ig_embed&amp;utm_campaign=loading\" target=\"_blank\">        Ver essa foto no Instagram         <\/a><\/p>\n\n\n\n<p> <a href=\"https:\/\/www.instagram.com\/tv\/B7zKn2_HQ0Y\/?utm_source=ig_embed&amp;utm_campaign=loading\" target=\"_blank\" rel=\"noreferrer noopener\">Automatiza\u00e7\u00e3o de dispositivos liga e desliga de forma f\u00e1cil.  Facilite sua vida.<\/a><\/p>\n\n\n\n<p>Uma publica\u00e7\u00e3o compartilhada por <a href=\"https:\/\/www.instagram.com\/arripio_bsb\/?utm_source=ig_embed&amp;utm_campaign=loading\" target=\"_blank\" rel=\"noreferrer noopener\"> F\u00e1bio da Silva Lima<\/a> (@arripio_bsb) em 26 de Jan, 2020 \u00e0s 3:29 PST<\/p>\n","protected":false},"excerpt":{"rendered":"<p>Medidor de n\u00edvel de caixa de \u00e1gua https:\/\/www.instagram.com\/tv\/CMhSZDfjYwo\/?utm_source=ig_web_copy_link Arduino \u00e9 uma plataforma open-source de prototipagem eletr\u00f4nica baseada, f\u00e1cil de usar hardware e software. \u00c9 destinado a artistas, designers, entusiastas e qualquer pessoa interessada em criar objetos ou ambientes interativos. \u00a0&hellip; <br \/><a class=\"read-more-button\" href=\"https:\/\/arripio.com.br\/?page_id=63\">Read more<\/a><\/p>\n","protected":false},"author":1,"featured_media":0,"parent":0,"menu_order":1,"comment_status":"open","ping_status":"open","template":"","meta":{"_exactmetrics_skip_tracking":false,"_exactmetrics_sitenote_active":false,"_exactmetrics_sitenote_note":"","_exactmetrics_sitenote_category":0,"spay_email":""},"jetpack_sharing_enabled":true,"jetpack_shortlink":"https:\/\/wp.me\/PazGcY-11","jetpack-related-posts":[{"id":168,"url":"https:\/\/arripio.com.br\/?page_id=168","url_meta":{"origin":63,"position":0},"title":"Curr\u00edculo","date":"12 Maio, 2015","format":false,"excerpt":"EXPERI\u00caNCIA PROFISSIONAL 11\/07\/2011 at\u00e9 dias atuais - Central IT Governa\u00e7a Corporativa - Bras\u00edlia Cliente: ICMBio - Intituto Chico Mendes de Conserva\u00e7\u00e3o da Biodiversidade Analista de Suporte Sr Atribui\u00e7\u00f5es: - Instala\u00e7\u00e3o e configura\u00e7\u00e3o de Servidores f\u00edsicos e virtuais Linux e Windows; - Cria\u00e7\u00e3o do processo de atualiza\u00e7\u00e3o baseado no SVN; -\u2026","rel":"","context":"Similar post","img":{"alt_text":"","src":"","width":0,"height":0},"classes":[]},{"id":699,"url":"https:\/\/arripio.com.br\/?page_id=699","url_meta":{"origin":63,"position":1},"title":"F\u00e9rias Guaibim-BA Jan\/2020","date":"19 Mar\u00e7o, 2021","format":false,"excerpt":"N\u00e3o \u00e9 novidade que sou admirador da Bahia e um dos lugares que eu mais visitei sem d\u00favida foi Guabim, depois de alguns anos resolvemos voltar a Guabim, lugar sem muita badala\u00e7\u00e3o ideal para quem procura tranquilidade e sossego. Dessa vez escolhemos pelo Airbnb a estrutura do local relativamente boa\u2026","rel":"","context":"Similar post","img":{"alt_text":"","src":"https:\/\/i0.wp.com\/arripio.com.br\/wp-content\/uploads\/2021\/03\/20200107_134232-scaled.jpg?resize=350%2C200&ssl=1","width":350,"height":200},"classes":[]},{"id":614,"url":"https:\/\/arripio.com.br\/?page_id=614","url_meta":{"origin":63,"position":2},"title":"F\u00e9rias Paraty Mirim Jan\/2019","date":"23 Abril, 2019","format":false,"excerpt":"Depois de v\u00e1rios convites para experimentar o Camping resolvemos aceitar o desafio de forma mais radical e para primeira vez resolvemos ir longe destino Paraty Mirim Rio de Janeiro. Acostumados a viajar para o nordeste brasileiro e sempre com a ideia de que as praias do sudeste eram de \u00e1guas\u2026","rel":"","context":"Similar post","img":{"alt_text":"","src":"https:\/\/i2.wp.com\/arripio.com.br\/wp-content\/uploads\/2019\/04\/top.png?resize=350%2C200&ssl=1","width":350,"height":200},"classes":[]},{"id":119,"url":"https:\/\/arripio.com.br\/?page_id=119","url_meta":{"origin":63,"position":3},"title":"Estudo","date":"27 Julho, 2014","format":false,"excerpt":"Ol\u00e1 Pessoal Agora dia 24 de Julho consegui \u00eaxito no exame Lpic-202 ultima prova para certifica\u00e7\u00e3o LPI2. Gostaria de deixar algumas dicas que quem sabe possa ajudar outras pessoas: Quando fiz o exame da lpi 1 havia estudado \u00a0apenas pelo livro Certifica\u00e7\u00e3o LPI-1: 101-102 Autor: Luciano Antonio Siqueira Editora: Alta\u2026","rel":"","context":"Similar post","img":{"alt_text":"cetificado","src":"https:\/\/i2.wp.com\/arripio.com.br\/wp-content\/uploads\/2014\/07\/cetificado-300x169.png?resize=350%2C200","width":350,"height":200},"classes":[]},{"id":566,"url":"https:\/\/arripio.com.br\/?page_id=566","url_meta":{"origin":63,"position":4},"title":"F\u00e9rias Itaipu de Fora Jan\/2018","date":"7 Janeiro, 2018","format":false,"excerpt":"Hoje 07 de janeiro de 2018 come\u00e7a nossa viagem de f\u00e9rias e aqui postaremos todo trajeto, a ideia \u00e9 ajudar quem tiver interesse em fazer o mesmo passeio. Bem vindos Dia 08 de janeiro 2018 chegamos ao nosso destino Itaipu de Fora. Sa\u00edmos de Itabuna via Ilh\u00e9us depois seguimos rumo\u2026","rel":"","context":"Similar post","img":{"alt_text":"pixlr_20180107183241893","src":"https:\/\/i1.wp.com\/arripio.com.br\/wp-content\/uploads\/2018\/01\/pixlr_20180107183241893.jpg?resize=350%2C200","width":350,"height":200},"classes":[]},{"id":100,"url":"https:\/\/arripio.com.br\/?page_id=100","url_meta":{"origin":63,"position":5},"title":"Linux","date":"29 Junho, 2014","format":false,"excerpt":"Como boa pratica na ger\u00eancia de configura\u00e7\u00e3o para uma r\u00e1pida \u00a0leitura dos arquivos de configura\u00e7\u00e3o e \u00fatil retirar os coment\u00e1rios para facilitar a analise e organiza\u00e7\u00e3o. Comando: # egrep -v \"^#|^$\"\u00a0arquivo_de_origem\u00a0> arquivo_de_destino Minha Distribui\u00e7\u00e3o Atualmente nas minhas maquinas pessoais eu uso Debian, nos servidores estava utilizado Centos, mas com os\u2026","rel":"","context":"Similar post","img":{"alt_text":"","src":"https:\/\/i2.wp.com\/arripio.com.br\/wp-content\/uploads\/2021\/03\/Openlogo-debianV2.svg_.png?resize=350%2C200&ssl=1","width":350,"height":200},"classes":[]}],"_links":{"self":[{"href":"https:\/\/arripio.com.br\/index.php?rest_route=\/wp\/v2\/pages\/63"}],"collection":[{"href":"https:\/\/arripio.com.br\/index.php?rest_route=\/wp\/v2\/pages"}],"about":[{"href":"https:\/\/arripio.com.br\/index.php?rest_route=\/wp\/v2\/types\/page"}],"author":[{"embeddable":true,"href":"https:\/\/arripio.com.br\/index.php?rest_route=\/wp\/v2\/users\/1"}],"replies":[{"embeddable":true,"href":"https:\/\/arripio.com.br\/index.php?rest_route=%2Fwp%2Fv2%2Fcomments&post=63"}],"version-history":[{"count":15,"href":"https:\/\/arripio.com.br\/index.php?rest_route=\/wp\/v2\/pages\/63\/revisions"}],"predecessor-version":[{"id":734,"href":"https:\/\/arripio.com.br\/index.php?rest_route=\/wp\/v2\/pages\/63\/revisions\/734"}],"wp:attachment":[{"href":"https:\/\/arripio.com.br\/index.php?rest_route=%2Fwp%2Fv2%2Fmedia&parent=63"}],"curies":[{"name":"wp","href":"https:\/\/api.w.org\/{rel}","templated":true}]}}