{"id":645,"date":"2019-05-03T12:21:12","date_gmt":"2019-05-03T12:21:12","guid":{"rendered":"http:\/\/arripio.com.br\/?page_id=645"},"modified":"2021-03-19T15:20:51","modified_gmt":"2021-03-19T15:20:51","slug":"ferias","status":"publish","type":"page","link":"https:\/\/arripio.com.br\/?page_id=645","title":{"rendered":"F\u00e9rias"},"content":{"rendered":"\n<figure class=\"wp-block-embed is-type-wp-embed is-provider-blog-arripio wp-block-embed-blog-arripio\"><div class=\"wp-block-embed__wrapper\">\n<blockquote class=\"wp-embedded-content\" data-secret=\"u5p2UT0D6g\"><a href=\"https:\/\/arripio.com.br\/?page_id=614\">F\u00e9rias Paraty Mirim Jan\/2019<\/a><\/blockquote><iframe class=\"wp-embedded-content\" sandbox=\"allow-scripts\" security=\"restricted\" style=\"position: absolute; clip: rect(1px, 1px, 1px, 1px);\" title=\"&#8220;F\u00e9rias Paraty Mirim Jan\/2019&#8221; &#8212; Blog Arripio\" src=\"https:\/\/arripio.com.br\/?page_id=614&#038;embed=true#?secret=u5p2UT0D6g\" data-secret=\"u5p2UT0D6g\" width=\"600\" height=\"338\" frameborder=\"0\" marginwidth=\"0\" marginheight=\"0\" scrolling=\"no\"><\/iframe>\n<\/div><\/figure>\n\n\n\n<figure class=\"wp-block-embed is-type-wp-embed is-provider-blog-arripio wp-block-embed-blog-arripio\"><div class=\"wp-block-embed__wrapper\">\n<blockquote class=\"wp-embedded-content\" data-secret=\"eyiMh8kghz\"><a href=\"https:\/\/arripio.com.br\/?page_id=566\">F\u00e9rias Itaipu de Fora Jan\/2018<\/a><\/blockquote><iframe class=\"wp-embedded-content\" sandbox=\"allow-scripts\" security=\"restricted\" style=\"position: absolute; clip: rect(1px, 1px, 1px, 1px);\" title=\"&#8220;F\u00e9rias Itaipu de Fora Jan\/2018&#8221; &#8212; Blog Arripio\" src=\"https:\/\/arripio.com.br\/?page_id=566&#038;embed=true#?secret=eyiMh8kghz\" data-secret=\"eyiMh8kghz\" width=\"600\" height=\"338\" frameborder=\"0\" marginwidth=\"0\" marginheight=\"0\" scrolling=\"no\"><\/iframe>\n<\/div><\/figure>\n\n\n\n<figure class=\"wp-block-embed is-type-wp-embed is-provider-blog-arripio wp-block-embed-blog-arripio\"><div class=\"wp-block-embed__wrapper\">\n<blockquote class=\"wp-embedded-content\" data-secret=\"Jtpy6S4nY9\"><a href=\"https:\/\/arripio.com.br\/?page_id=699\">F\u00e9rias Guaibim-BA Jan\/2020<\/a><\/blockquote><iframe class=\"wp-embedded-content\" sandbox=\"allow-scripts\" security=\"restricted\" style=\"position: absolute; clip: rect(1px, 1px, 1px, 1px);\" title=\"&#8220;F\u00e9rias Guaibim-BA Jan\/2020&#8221; &#8212; Blog Arripio\" src=\"https:\/\/arripio.com.br\/?page_id=699&#038;embed=true#?secret=Jtpy6S4nY9\" data-secret=\"Jtpy6S4nY9\" width=\"600\" height=\"338\" frameborder=\"0\" marginwidth=\"0\" marginheight=\"0\" scrolling=\"no\"><\/iframe>\n<\/div><\/figure>\n","protected":false},"excerpt":{"rendered":"","protected":false},"author":1,"featured_media":0,"parent":0,"menu_order":0,"comment_status":"closed","ping_status":"closed","template":"","meta":{"_exactmetrics_skip_tracking":false,"_exactmetrics_sitenote_active":false,"_exactmetrics_sitenote_note":"","_exactmetrics_sitenote_category":0,"spay_email":""},"jetpack_sharing_enabled":true,"jetpack_shortlink":"https:\/\/wp.me\/PazGcY-ap","jetpack-related-posts":[{"id":112,"url":"https:\/\/arripio.com.br\/?page_id=112","url_meta":{"origin":645,"position":0},"title":"Links","date":"17 Julho, 2014","format":false,"excerpt":"LDAP - http:\/\/www.diegolima.org\/wordpress\/?p=210","rel":"","context":"Similar post","img":{"alt_text":"","src":"","width":0,"height":0},"classes":[]},{"id":63,"url":"https:\/\/arripio.com.br\/?page_id=63","url_meta":{"origin":645,"position":1},"title":"Eletr\u00f4nicos","date":"27 Maio, 2014","format":false,"excerpt":"Medidor de n\u00edvel de caixa de \u00e1gua https:\/\/www.instagram.com\/tv\/CMhSZDfjYwo\/?utm_source=ig_web_copy_link Arduino \u00e9 uma plataforma open-source de prototipagem eletr\u00f4nica baseada, f\u00e1cil de usar hardware e software. \u00c9 destinado a artistas, designers, entusiastas e qualquer pessoa interessada em criar objetos ou ambientes interativos. \u00a0 http:\/\/labdegaragem.com\/page\/iniciante-1https:\/\/www.robocore.net\/ Irriga\u00e7\u00e3o Automatizada Projeto simples com ideia de irrigar plantas\u2026","rel":"","context":"Similar post","img":{"alt_text":"","src":"https:\/\/i1.wp.com\/arripio.com.br\/wp-content\/uploads\/2020\/01\/sonoff.jpg?resize=350%2C200&ssl=1","width":350,"height":200},"classes":[]},{"id":536,"url":"https:\/\/arripio.com.br\/?page_id=536","url_meta":{"origin":645,"position":2},"title":"Apresenta\u00e7\u00f5es","date":"26 Abril, 2017","format":false,"excerpt":"Aqui para download da apresenta\u00e7\u00e3o linux Sistema Operacional B\u00e1sico RAID_LVM DevOps","rel":"","context":"Similar post","img":{"alt_text":"Captura de tela de 2017-04-26 11:27:09","src":"https:\/\/i1.wp.com\/arripio.com.br\/wp-content\/uploads\/2017\/04\/Captura-de-tela-de-2017-04-26-112709-e1493217001799-640x460.png?resize=350%2C200","width":350,"height":200},"classes":[]},{"id":108,"url":"https:\/\/arripio.com.br\/?page_id=108","url_meta":{"origin":645,"position":3},"title":"Coaching","date":"17 Julho, 2014","format":false,"excerpt":"Planejamento \u00e9 fundamental para o seu sucesso Tente fazer o seu https:\/\/youtu.be\/wEOQ8eIGX7Y N\u00e3o deixe para o final do ano, \u00a0fa\u00e7a agora mesmo o seu planejamento anual ele ajudar\u00e1 \u00a0no direcionamento da sua vida pessoal ou profissional. Fonte:\u00a0https:\/\/www.youtube.com\/watch?v=wEOQ8eIGX7Y&list=FLLZrFnwpUDQbHqI8OfXGT5w&index=2 \u00a0 Frase do dia: Pior do que fazer pouco \u00e9 n\u00e3o fazer nada.\u2026","rel":"","context":"Similar post","img":{"alt_text":"","src":"https:\/\/i0.wp.com\/img.youtube.com\/vi\/wEOQ8eIGX7Y\/0.jpg?resize=350%2C200","width":350,"height":200},"classes":[]},{"id":679,"url":"https:\/\/arripio.com.br\/?page_id=679","url_meta":{"origin":645,"position":4},"title":"Kubernet k8s","date":"17 Mar\u00e7o, 2021","format":false,"excerpt":"Comandos do meu dia a dia kubectl get pvc --all-namespaceskubectl logs kubectl get pods -o widekubectl create -f <nome do arquivo.yaml>kubectl delete -f <nome do arquivo.yaml>kubectl get (pod\/services\/secret\/ingress\/pv\/pvc)kubectl describe (pod\/services\/secret\/ingress\/pv\/pvc) nome Uma estrutura b\u00e1sica para subir um servi\u00e7o no cluster kubernete","rel":"","context":"Similar post","img":{"alt_text":"","src":"","width":0,"height":0},"classes":[]},{"id":566,"url":"https:\/\/arripio.com.br\/?page_id=566","url_meta":{"origin":645,"position":5},"title":"F\u00e9rias Itaipu de Fora Jan\/2018","date":"7 Janeiro, 2018","format":false,"excerpt":"Hoje 07 de janeiro de 2018 come\u00e7a nossa viagem de f\u00e9rias e aqui postaremos todo trajeto, a ideia \u00e9 ajudar quem tiver interesse em fazer o mesmo passeio. Bem vindos Dia 08 de janeiro 2018 chegamos ao nosso destino Itaipu de Fora. Sa\u00edmos de Itabuna via Ilh\u00e9us depois seguimos rumo\u2026","rel":"","context":"Similar post","img":{"alt_text":"pixlr_20180107183241893","src":"https:\/\/i1.wp.com\/arripio.com.br\/wp-content\/uploads\/2018\/01\/pixlr_20180107183241893.jpg?resize=350%2C200","width":350,"height":200},"classes":[]}],"_links":{"self":[{"href":"https:\/\/arripio.com.br\/index.php?rest_route=\/wp\/v2\/pages\/645"}],"collection":[{"href":"https:\/\/arripio.com.br\/index.php?rest_route=\/wp\/v2\/pages"}],"about":[{"href":"https:\/\/arripio.com.br\/index.php?rest_route=\/wp\/v2\/types\/page"}],"author":[{"embeddable":true,"href":"https:\/\/arripio.com.br\/index.php?rest_route=\/wp\/v2\/users\/1"}],"replies":[{"embeddable":true,"href":"https:\/\/arripio.com.br\/index.php?rest_route=%2Fwp%2Fv2%2Fcomments&post=645"}],"version-history":[{"count":9,"href":"https:\/\/arripio.com.br\/index.php?rest_route=\/wp\/v2\/pages\/645\/revisions"}],"predecessor-version":[{"id":731,"href":"https:\/\/arripio.com.br\/index.php?rest_route=\/wp\/v2\/pages\/645\/revisions\/731"}],"wp:attachment":[{"href":"https:\/\/arripio.com.br\/index.php?rest_route=%2Fwp%2Fv2%2Fmedia&parent=645"}],"curies":[{"name":"wp","href":"https:\/\/api.w.org\/{rel}","templated":true}]}}